{"id":4790,"date":"2014-11-27T11:38:11","date_gmt":"2014-11-27T14:38:11","guid":{"rendered":"http:\/\/www.essarp.org.ar\/?page_id=4790"},"modified":"2025-11-03T17:46:41","modified_gmt":"2025-11-03T20:46:41","slug":"becas-parciales-essarpudesa-2015","status":"publish","type":"page","link":"https:\/\/essarp.org.ar\/es\/actividades-academicas\/becas-parciales-essarpudesa-2015\/","title":{"rendered":"Becas Parciales ESSARP\/UdeSA"},"content":{"rendered":"<p>En el contexto del convenio de cooperaci\u00f3n entre ESSARP y la UdeSA (Universidad de San Andr\u00e9s), se ofrecer\u00e1n becas parciales a aquellos directivos, coordinadores o docentes de los colegios Miembros y Afiliados al centro de capacitaci\u00f3n ESSARP que est\u00e9n interesados en realizar el siguiente curso de posgrado que dicta la Universidad de San Andr\u00e9s:<\/p>\n<p><strong>Maestr\u00eda y Especializaci\u00f3n en Educaci\u00f3n<\/strong><\/p>\n<p>El curso tiene como fecha de inicio:<strong> marzo 2026<\/strong>. Para obtener mayor informaci\u00f3n acerca del mismo, por favor visite la p\u00e1gina de la UdeSA:<\/p>\n<p><a href=\"https:\/\/www.udesa.edu.ar\/escuela-de-educacion\/maestria-y-especializacion-en-educacion\"><strong>Maestr\u00eda y Especializaci\u00f3n en Educaci\u00f3n<\/strong><\/a><\/p>\n<p>La UdeSA ha ofrecido a ESSARP una beca parcial del 25% del valor del curso. Adem\u00e1s, ESSARP se ha ofrecido a contribuir con un 25% adicional, exclusivamente para aquellos docentes que se desempe\u00f1en en colegios Miembros y Afiliados al centro de capacitaci\u00f3n. El resto del arancel deber\u00e1 ser cubierto por el solicitante o el colegio.<\/p>\n<p>Los solicitantes deber\u00e1n ser propuestos por el colegio y se encontrar\u00e1n sujetos a un proceso de selecci\u00f3n que se llevar\u00e1 a cabo en el mes de noviembre.<\/p>\n<p><strong>Inscripci\u00f3n: Documentaci\u00f3n a presentar<\/strong><\/p>\n<div>\n<p class=\"x_MsoNormal\">Para completar el proceso de solicitud a la beca parcial ofrecida por ESSARP y la UdeSA, los interesados deber\u00e1n\u00a0<span style=\"color: #ff0000;\"><strong>antes del 28 de noviembre de 2025:<\/strong><\/span><\/p>\n<p class=\"x_MsoNormal\"><strong>Enviar a ESSARP (<\/strong><strong>pdegennaro@essarp.org.ar)\u00a0<\/strong><strong>en formato digital<\/strong><\/p>\n<ul>\n<li class=\"x_MsoNormal\">una carta de recomendaci\u00f3n dirigida a Silvana Tej\u00f3n, Directora Acad\u00e9mica de ESSARP<\/li>\n<li class=\"x_MsoNormal\">Curriculum vitae siguiendo el modelo sugerido por la UdeSA<\/li>\n<\/ul>\n<p class=\"x_MsoNormal\"><b>A la UdeSA<\/b><\/p>\n<ul>\n<li class=\"x_MsoNormal\">Completar la informaci\u00f3n requerida y adjuntar la documentaci\u00f3n solicitada en la p\u00e1gina web de la UdeSA (<a title=\"https:\/\/udesa.edu.ar\/escuela-de-educacion\/maestria-y-especializacion-en-educacion\/admision-e-inscripcion\" href=\"https:\/\/www.udesa.edu.ar\/escuela-de-educacion\/maestria-y-especializacion-en-educacion\/admision\" target=\"_blank\" rel=\"noopener noreferrer\" data-auth=\"NotApplicable\" data-safelink=\"true\" data-linkindex=\"3\">ver secci\u00f3n Admisi\u00f3n 2026)<\/a><\/li>\n<\/ul>\n<p><span style=\"color: #ff0000;\"><strong>Es condici\u00f3n para participar en la selecci\u00f3n de la beca ESSARP\/ UdeSA que toda la documentaci\u00f3n sea enviada antes de la fecha l\u00edmite indicada<\/strong><strong>.<\/strong><\/span><\/p>\n<\/div>\n","protected":false},"excerpt":{"rendered":"<p>En el contexto del convenio de cooperaci\u00f3n entre ESSARP y la UdeSA (Universidad de San Andr\u00e9s), se ofrecer\u00e1n becas parciales a aquellos directivos, coordinadores o docentes de los colegios Miembros y Afiliados al centro de capacitaci\u00f3n ESSARP que est\u00e9n interesados en realizar el siguiente curso de posgrado que dicta la Universidad de San Andr\u00e9s: Maestr\u00eda&hellip;<\/p>\n","protected":false},"author":1,"featured_media":0,"parent":972,"menu_order":0,"comment_status":"closed","ping_status":"closed","template":"","meta":{"_monsterinsights_skip_tracking":false,"_monsterinsights_sitenote_active":false,"_monsterinsights_sitenote_note":"","_monsterinsights_sitenote_category":0,"footnotes":"","_links_to":"","_links_to_target":""},"class_list":["post-4790","page","type-page","status-publish","hentry","description-off"],"yoast_head":"<!-- This site is optimized with the Yoast SEO plugin v27.4 - https:\/\/yoast.com\/product\/yoast-seo-wordpress\/ -->\n<title>Becas Parciales ESSARP\/UdeSA - ESSARP<\/title>\n<meta name=\"robots\" content=\"index, follow, max-snippet:-1, max-image-preview:large, max-video-preview:-1\" \/>\n<link rel=\"canonical\" href=\"https:\/\/essarp.org.ar\/es\/actividades-academicas\/becas-parciales-essarpudesa-2015\/\" \/>\n<meta property=\"og:locale\" content=\"es_ES\" \/>\n<meta property=\"og:type\" content=\"article\" \/>\n<meta property=\"og:title\" content=\"Becas Parciales ESSARP\/UdeSA - ESSARP\" \/>\n<meta property=\"og:description\" content=\"En el contexto del convenio de cooperaci\u00f3n entre ESSARP y la UdeSA (Universidad de San Andr\u00e9s), se ofrecer\u00e1n becas parciales a aquellos directivos, coordinadores o docentes de los colegios Miembros y Afiliados al centro de capacitaci\u00f3n ESSARP que est\u00e9n interesados en realizar el siguiente curso de posgrado que dicta la Universidad de San Andr\u00e9s: Maestr\u00eda&hellip;\" \/>\n<meta property=\"og:url\" content=\"https:\/\/essarp.org.ar\/es\/actividades-academicas\/becas-parciales-essarpudesa-2015\/\" \/>\n<meta property=\"og:site_name\" content=\"ESSARP\" \/>\n<meta property=\"article:modified_time\" content=\"2025-11-03T20:46:41+00:00\" \/>\n<meta name=\"twitter:card\" content=\"summary_large_image\" \/>\n<meta name=\"twitter:label1\" content=\"Tiempo de lectura\" \/>\n\t<meta name=\"twitter:data1\" content=\"2 minutos\" \/>\n<script type=\"application\/ld+json\" class=\"yoast-schema-graph\">{\"@context\":\"https:\\\/\\\/schema.org\",\"@graph\":[{\"@type\":\"WebPage\",\"@id\":\"https:\\\/\\\/essarp.org.ar\\\/es\\\/actividades-academicas\\\/becas-parciales-essarpudesa-2015\\\/\",\"url\":\"https:\\\/\\\/essarp.org.ar\\\/es\\\/actividades-academicas\\\/becas-parciales-essarpudesa-2015\\\/\",\"name\":\"Becas Parciales ESSARP\\\/UdeSA - ESSARP\",\"isPartOf\":{\"@id\":\"https:\\\/\\\/essarp.org.ar\\\/es\\\/#website\"},\"datePublished\":\"2014-11-27T14:38:11+00:00\",\"dateModified\":\"2025-11-03T20:46:41+00:00\",\"breadcrumb\":{\"@id\":\"https:\\\/\\\/essarp.org.ar\\\/es\\\/actividades-academicas\\\/becas-parciales-essarpudesa-2015\\\/#breadcrumb\"},\"inLanguage\":\"es-AR\",\"potentialAction\":[{\"@type\":\"ReadAction\",\"target\":[\"https:\\\/\\\/essarp.org.ar\\\/es\\\/actividades-academicas\\\/becas-parciales-essarpudesa-2015\\\/\"]}]},{\"@type\":\"BreadcrumbList\",\"@id\":\"https:\\\/\\\/essarp.org.ar\\\/es\\\/actividades-academicas\\\/becas-parciales-essarpudesa-2015\\\/#breadcrumb\",\"itemListElement\":[{\"@type\":\"ListItem\",\"position\":1,\"name\":\"Actividades Acad\u00e9micas\",\"item\":\"https:\\\/\\\/essarp.org.ar\\\/es\\\/actividades-academicas\\\/\"},{\"@type\":\"ListItem\",\"position\":2,\"name\":\"Becas Parciales ESSARP\\\/UdeSA\"}]},{\"@type\":\"WebSite\",\"@id\":\"https:\\\/\\\/essarp.org.ar\\\/es\\\/#website\",\"url\":\"https:\\\/\\\/essarp.org.ar\\\/es\\\/\",\"name\":\"ESSARP\",\"description\":\"\",\"potentialAction\":[{\"@type\":\"SearchAction\",\"target\":{\"@type\":\"EntryPoint\",\"urlTemplate\":\"https:\\\/\\\/essarp.org.ar\\\/es\\\/?s={search_term_string}\"},\"query-input\":{\"@type\":\"PropertyValueSpecification\",\"valueRequired\":true,\"valueName\":\"search_term_string\"}}],\"inLanguage\":\"es-AR\"}]}<\/script>\n<!-- \/ Yoast SEO plugin. -->","yoast_head_json":{"title":"Becas Parciales ESSARP\/UdeSA - ESSARP","robots":{"index":"index","follow":"follow","max-snippet":"max-snippet:-1","max-image-preview":"max-image-preview:large","max-video-preview":"max-video-preview:-1"},"canonical":"https:\/\/essarp.org.ar\/es\/actividades-academicas\/becas-parciales-essarpudesa-2015\/","og_locale":"es_ES","og_type":"article","og_title":"Becas Parciales ESSARP\/UdeSA - ESSARP","og_description":"En el contexto del convenio de cooperaci\u00f3n entre ESSARP y la UdeSA (Universidad de San Andr\u00e9s), se ofrecer\u00e1n becas parciales a aquellos directivos, coordinadores o docentes de los colegios Miembros y Afiliados al centro de capacitaci\u00f3n ESSARP que est\u00e9n interesados en realizar el siguiente curso de posgrado que dicta la Universidad de San Andr\u00e9s: Maestr\u00eda&hellip;","og_url":"https:\/\/essarp.org.ar\/es\/actividades-academicas\/becas-parciales-essarpudesa-2015\/","og_site_name":"ESSARP","article_modified_time":"2025-11-03T20:46:41+00:00","twitter_card":"summary_large_image","twitter_misc":{"Tiempo de lectura":"2 minutos"},"schema":{"@context":"https:\/\/schema.org","@graph":[{"@type":"WebPage","@id":"https:\/\/essarp.org.ar\/es\/actividades-academicas\/becas-parciales-essarpudesa-2015\/","url":"https:\/\/essarp.org.ar\/es\/actividades-academicas\/becas-parciales-essarpudesa-2015\/","name":"Becas Parciales ESSARP\/UdeSA - ESSARP","isPartOf":{"@id":"https:\/\/essarp.org.ar\/es\/#website"},"datePublished":"2014-11-27T14:38:11+00:00","dateModified":"2025-11-03T20:46:41+00:00","breadcrumb":{"@id":"https:\/\/essarp.org.ar\/es\/actividades-academicas\/becas-parciales-essarpudesa-2015\/#breadcrumb"},"inLanguage":"es-AR","potentialAction":[{"@type":"ReadAction","target":["https:\/\/essarp.org.ar\/es\/actividades-academicas\/becas-parciales-essarpudesa-2015\/"]}]},{"@type":"BreadcrumbList","@id":"https:\/\/essarp.org.ar\/es\/actividades-academicas\/becas-parciales-essarpudesa-2015\/#breadcrumb","itemListElement":[{"@type":"ListItem","position":1,"name":"Actividades Acad\u00e9micas","item":"https:\/\/essarp.org.ar\/es\/actividades-academicas\/"},{"@type":"ListItem","position":2,"name":"Becas Parciales ESSARP\/UdeSA"}]},{"@type":"WebSite","@id":"https:\/\/essarp.org.ar\/es\/#website","url":"https:\/\/essarp.org.ar\/es\/","name":"ESSARP","description":"","potentialAction":[{"@type":"SearchAction","target":{"@type":"EntryPoint","urlTemplate":"https:\/\/essarp.org.ar\/es\/?s={search_term_string}"},"query-input":{"@type":"PropertyValueSpecification","valueRequired":true,"valueName":"search_term_string"}}],"inLanguage":"es-AR"}]}},"_links":{"self":[{"href":"https:\/\/essarp.org.ar\/es\/wp-json\/wp\/v2\/pages\/4790","targetHints":{"allow":["GET"]}}],"collection":[{"href":"https:\/\/essarp.org.ar\/es\/wp-json\/wp\/v2\/pages"}],"about":[{"href":"https:\/\/essarp.org.ar\/es\/wp-json\/wp\/v2\/types\/page"}],"author":[{"embeddable":true,"href":"https:\/\/essarp.org.ar\/es\/wp-json\/wp\/v2\/users\/1"}],"replies":[{"embeddable":true,"href":"https:\/\/essarp.org.ar\/es\/wp-json\/wp\/v2\/comments?post=4790"}],"version-history":[{"count":26,"href":"https:\/\/essarp.org.ar\/es\/wp-json\/wp\/v2\/pages\/4790\/revisions"}],"predecessor-version":[{"id":23173,"href":"https:\/\/essarp.org.ar\/es\/wp-json\/wp\/v2\/pages\/4790\/revisions\/23173"}],"up":[{"embeddable":true,"href":"https:\/\/essarp.org.ar\/es\/wp-json\/wp\/v2\/pages\/972"}],"wp:attachment":[{"href":"https:\/\/essarp.org.ar\/es\/wp-json\/wp\/v2\/media?parent=4790"}],"curies":[{"name":"wp","href":"https:\/\/api.w.org\/{rel}","templated":true}]}}