{"id":3515,"date":"2014-05-16T12:32:20","date_gmt":"2014-05-16T15:32:20","guid":{"rendered":"http:\/\/beta.essarp.org.ar\/?page_id=3515"},"modified":"2025-11-03T17:46:55","modified_gmt":"2025-11-03T20:46:55","slug":"becas-essarpdi-tella","status":"publish","type":"page","link":"https:\/\/essarp.org.ar\/es\/actividades-academicas\/becas-essarpdi-tella\/","title":{"rendered":"Becas ESSARP\/Di Tella"},"content":{"rendered":"<div class=\"wpb-content-wrapper\"><p>[vc_row css=&#8221;.vc_custom_1667928219837{margin-top: 70px !important;margin-bottom: 30px !important;}&#8221;][vc_column]<div id=\"ultimate-heading-648869dc23ca64d7a\" class=\"uvc-heading ult-adjust-bottom-margin ultimate-heading-648869dc23ca64d7a uvc-3581  uvc-heading-default-font-sizes\" data-hspacer=\"line_only\"  data-halign=\"left\" style=\"text-align:left\"><div class=\"uvc-main-heading ult-responsive\"  data-ultimate-target='.uvc-heading.ultimate-heading-648869dc23ca64d7a h2'  data-responsive-json-new='{\"font-size\":\"\",\"line-height\":\"\"}' ><h2 style=\"--font-weight:theme;margin-bottom:10px;\">Becas ESSARP\/Di Tella<\/h2><\/div><div class=\"uvc-heading-spacer line_only\" style=\"margin-bottom:30px;height:1px;\"><span class=\"uvc-headings-line\" style=\"border-style:solid;border-bottom-width:1px;border-color:#e5e5e5;width:autopx;\"><\/span><\/div><\/div>[vc_column_text css=&#8221;.vc_custom_1762202793324{background-color: #ffffff !important;}&#8221;]En el contexto del acuerdo entre ESSARP y la UTDT (Universidad Torcuato Di Tella), se ofrecer\u00e1n becas parciales a aquellos directivos, coordinadores o docentes de los colegios Miembros y Afiliados al centro de capacitaci\u00f3n ESSARP que est\u00e9n interesados en realizar La Especializaci\u00f3n y Maestr\u00eda en Administraci\u00f3n de la Educaci\u00f3n y la Especializaci\u00f3n y Maestr\u00eda en Pol\u00edticas Educativas que dicta la Universidad Torcuato Di Tella.<\/p>\n<p>Estos cursos de posgrado en gesti\u00f3n educativa tienen como objetivo capacitar profesionales en la evaluaci\u00f3n, desarrollo y administraci\u00f3n de organizaciones educativas tanto en el \u00e1mbito p\u00fablico como en el privado. Los cursos de posgrado buscan familiarizar a los profesionales con los aspectos m\u00e1s modernos y esenciales de la administraci\u00f3n de la educaci\u00f3n y darles las herramientas necesarias para analizar y diagnosticar situaciones educacionales as\u00ed como el dise\u00f1o y la implementaci\u00f3n de decisiones estrat\u00e9gicas. La Especializaci\u00f3n tiene una duraci\u00f3n de 18 meses, mientras la Maestr\u00eda se extiende por 2 a\u00f1os. Ambos cursos comienzan el <span style=\"color: #ff0000;\"><strong>16 de<\/strong> <\/span><strong><span style=\"color: #ff0000;\">marzo de 2026<\/span>. <\/strong>Para obtener mayor informaci\u00f3n acerca de los cursos y los formularios requeridos para aplicar a la beca, por favor visite la p\u00e1gina de la UTDT:<\/p>\n<p><a href=\"https:\/\/www.utdt.edu\/ver_contenido.php?id_contenido=1653&amp;id_item_menu=3465\">Especializaci\u00f3n y Maestr\u00eda en Administraci\u00f3n de la Educaci\u00f3n<\/a><\/p>\n<p><a href=\"https:\/\/www.utdt.edu\/ver_contenido.php?id_contenido=3176&amp;id_item_menu=6311\">Especializaci\u00f3n y Maestr\u00eda en Pol\u00edticas Educativas<\/a><\/p>\n<p>La UTDT ha ofrecido a ESSARP cuatro becas parciales del 25% del valor del programa.\u00a0 Adem\u00e1s, ESSARP se ha ofrecido a contribuir con un 25% m\u00e1s, exclusivamente a docentes que se desempe\u00f1en en colegios miembros y afiliados al centro de capacitaci\u00f3n. El resto del arancel deber\u00e1 ser cubierto por el solicitante o el colegio.<\/p>\n<p>Los solicitantes deber\u00e1n ser propuestos por el colegio y se encontrar\u00e1n sujetos a un proceso de selecci\u00f3n que se llevar\u00e1 a cabo durante el mes de noviembre por el Comit\u00e9 Acad\u00e9mico de ESSARP.<\/p>\n<p>Para solicitar la beca parcial ofrecida por ESSARP y la UTDT, los interesados deber\u00e1n enviar la documentaci\u00f3n que se describe debajo\u00a0<span style=\"color: #ff0000;\"><strong>antes del 26 de noviembre de 2025:<\/strong><\/span><\/p>\n<ul>\n<li>\n<div class=\"x_elementToProof\" data-olk-copy-source=\"MessageBody\">completar el formulario de inscripci\u00f3n provisto por la universidad en su p\u00e1gina web<\/div>\n<\/li>\n<li>\n<div class=\"x_elementToProof\">una carta de recomendaci\u00f3n escrita por el Director General del colegio y dirigida a la Sra. Silvana Tej\u00f3n, Directora Acad\u00e9mica de ESSARP, junto con el CV<\/div>\n<\/li>\n<\/ul>\n<p><strong>Es condici\u00f3n para participar en la selecci\u00f3n de la beca ESSARP\/ Di Tella que la documentaci\u00f3n sea enviada en formato digital a Paula De Gennaro pdegennaro@essarp.org.ar cumpliendo la fecha l\u00edmite indicada.<\/strong>[\/vc_column_text][\/vc_column][\/vc_row]<\/p>\n<\/div>","protected":false},"excerpt":{"rendered":"<p>En el contexto del acuerdo entre ESSARP y la UTDT (Universidad Torcuato Di Tella), se ofrecer\u00e1n becas parciales a aquellos directivos, coordinadores o docentes de los colegios Miembros y Afiliados al centro de capacitaci\u00f3n ESSARP que est\u00e9n interesados en realizar alguno de los cursos de posgrado que dicta la Universidad Torcuato Di Tella (\u201cEspecializaci\u00f3n en Administraci\u00f3n de la Educaci\u00f3n\u201d o \u201cEspecializaci\u00f3n en Pol\u00edticas Educativas\u201d)<\/p>\n","protected":false},"author":1,"featured_media":0,"parent":972,"menu_order":0,"comment_status":"closed","ping_status":"closed","template":"","meta":{"_monsterinsights_skip_tracking":false,"_monsterinsights_sitenote_active":false,"_monsterinsights_sitenote_note":"","_monsterinsights_sitenote_category":0,"footnotes":"","_links_to":"","_links_to_target":""},"class_list":["post-3515","page","type-page","status-publish","hentry","description-off"],"yoast_head":"<!-- This site is optimized with the Yoast SEO plugin v27.3 - https:\/\/yoast.com\/product\/yoast-seo-wordpress\/ -->\n<title>Becas ESSARP\/Di Tella - ESSARP<\/title>\n<meta name=\"robots\" content=\"index, follow, max-snippet:-1, max-image-preview:large, max-video-preview:-1\" \/>\n<link rel=\"canonical\" href=\"https:\/\/essarp.org.ar\/es\/actividades-academicas\/becas-essarpdi-tella\/\" \/>\n<meta property=\"og:locale\" content=\"es_ES\" \/>\n<meta property=\"og:type\" content=\"article\" \/>\n<meta property=\"og:title\" content=\"Becas ESSARP\/Di Tella - ESSARP\" \/>\n<meta property=\"og:description\" content=\"En el contexto del acuerdo entre ESSARP y la UTDT (Universidad Torcuato Di Tella), se ofrecer\u00e1n becas parciales a aquellos directivos, coordinadores o docentes de los colegios Miembros y Afiliados al centro de capacitaci\u00f3n ESSARP que est\u00e9n interesados en realizar alguno de los cursos de posgrado que dicta la Universidad Torcuato Di Tella (\u201cEspecializaci\u00f3n en Administraci\u00f3n de la Educaci\u00f3n\u201d o \u201cEspecializaci\u00f3n en Pol\u00edticas Educativas\u201d)\" \/>\n<meta property=\"og:url\" content=\"https:\/\/essarp.org.ar\/es\/actividades-academicas\/becas-essarpdi-tella\/\" \/>\n<meta property=\"og:site_name\" content=\"ESSARP\" \/>\n<meta property=\"article:modified_time\" content=\"2025-11-03T20:46:55+00:00\" \/>\n<meta name=\"twitter:card\" content=\"summary_large_image\" \/>\n<meta name=\"twitter:label1\" content=\"Tiempo de lectura\" \/>\n\t<meta name=\"twitter:data1\" content=\"2 minutos\" \/>\n<script type=\"application\/ld+json\" class=\"yoast-schema-graph\">{\"@context\":\"https:\\\/\\\/schema.org\",\"@graph\":[{\"@type\":\"WebPage\",\"@id\":\"https:\\\/\\\/essarp.org.ar\\\/es\\\/actividades-academicas\\\/becas-essarpdi-tella\\\/\",\"url\":\"https:\\\/\\\/essarp.org.ar\\\/es\\\/actividades-academicas\\\/becas-essarpdi-tella\\\/\",\"name\":\"Becas ESSARP\\\/Di Tella - ESSARP\",\"isPartOf\":{\"@id\":\"https:\\\/\\\/essarp.org.ar\\\/es\\\/#website\"},\"datePublished\":\"2014-05-16T15:32:20+00:00\",\"dateModified\":\"2025-11-03T20:46:55+00:00\",\"breadcrumb\":{\"@id\":\"https:\\\/\\\/essarp.org.ar\\\/es\\\/actividades-academicas\\\/becas-essarpdi-tella\\\/#breadcrumb\"},\"inLanguage\":\"es-AR\",\"potentialAction\":[{\"@type\":\"ReadAction\",\"target\":[\"https:\\\/\\\/essarp.org.ar\\\/es\\\/actividades-academicas\\\/becas-essarpdi-tella\\\/\"]}]},{\"@type\":\"BreadcrumbList\",\"@id\":\"https:\\\/\\\/essarp.org.ar\\\/es\\\/actividades-academicas\\\/becas-essarpdi-tella\\\/#breadcrumb\",\"itemListElement\":[{\"@type\":\"ListItem\",\"position\":1,\"name\":\"Actividades Acad\u00e9micas\",\"item\":\"https:\\\/\\\/essarp.org.ar\\\/es\\\/actividades-academicas\\\/\"},{\"@type\":\"ListItem\",\"position\":2,\"name\":\"Becas ESSARP\\\/Di Tella\"}]},{\"@type\":\"WebSite\",\"@id\":\"https:\\\/\\\/essarp.org.ar\\\/es\\\/#website\",\"url\":\"https:\\\/\\\/essarp.org.ar\\\/es\\\/\",\"name\":\"ESSARP\",\"description\":\"\",\"potentialAction\":[{\"@type\":\"SearchAction\",\"target\":{\"@type\":\"EntryPoint\",\"urlTemplate\":\"https:\\\/\\\/essarp.org.ar\\\/es\\\/?s={search_term_string}\"},\"query-input\":{\"@type\":\"PropertyValueSpecification\",\"valueRequired\":true,\"valueName\":\"search_term_string\"}}],\"inLanguage\":\"es-AR\"}]}<\/script>\n<!-- \/ Yoast SEO plugin. -->","yoast_head_json":{"title":"Becas ESSARP\/Di Tella - ESSARP","robots":{"index":"index","follow":"follow","max-snippet":"max-snippet:-1","max-image-preview":"max-image-preview:large","max-video-preview":"max-video-preview:-1"},"canonical":"https:\/\/essarp.org.ar\/es\/actividades-academicas\/becas-essarpdi-tella\/","og_locale":"es_ES","og_type":"article","og_title":"Becas ESSARP\/Di Tella - ESSARP","og_description":"En el contexto del acuerdo entre ESSARP y la UTDT (Universidad Torcuato Di Tella), se ofrecer\u00e1n becas parciales a aquellos directivos, coordinadores o docentes de los colegios Miembros y Afiliados al centro de capacitaci\u00f3n ESSARP que est\u00e9n interesados en realizar alguno de los cursos de posgrado que dicta la Universidad Torcuato Di Tella (\u201cEspecializaci\u00f3n en Administraci\u00f3n de la Educaci\u00f3n\u201d o \u201cEspecializaci\u00f3n en Pol\u00edticas Educativas\u201d)","og_url":"https:\/\/essarp.org.ar\/es\/actividades-academicas\/becas-essarpdi-tella\/","og_site_name":"ESSARP","article_modified_time":"2025-11-03T20:46:55+00:00","twitter_card":"summary_large_image","twitter_misc":{"Tiempo de lectura":"2 minutos"},"schema":{"@context":"https:\/\/schema.org","@graph":[{"@type":"WebPage","@id":"https:\/\/essarp.org.ar\/es\/actividades-academicas\/becas-essarpdi-tella\/","url":"https:\/\/essarp.org.ar\/es\/actividades-academicas\/becas-essarpdi-tella\/","name":"Becas ESSARP\/Di Tella - ESSARP","isPartOf":{"@id":"https:\/\/essarp.org.ar\/es\/#website"},"datePublished":"2014-05-16T15:32:20+00:00","dateModified":"2025-11-03T20:46:55+00:00","breadcrumb":{"@id":"https:\/\/essarp.org.ar\/es\/actividades-academicas\/becas-essarpdi-tella\/#breadcrumb"},"inLanguage":"es-AR","potentialAction":[{"@type":"ReadAction","target":["https:\/\/essarp.org.ar\/es\/actividades-academicas\/becas-essarpdi-tella\/"]}]},{"@type":"BreadcrumbList","@id":"https:\/\/essarp.org.ar\/es\/actividades-academicas\/becas-essarpdi-tella\/#breadcrumb","itemListElement":[{"@type":"ListItem","position":1,"name":"Actividades Acad\u00e9micas","item":"https:\/\/essarp.org.ar\/es\/actividades-academicas\/"},{"@type":"ListItem","position":2,"name":"Becas ESSARP\/Di Tella"}]},{"@type":"WebSite","@id":"https:\/\/essarp.org.ar\/es\/#website","url":"https:\/\/essarp.org.ar\/es\/","name":"ESSARP","description":"","potentialAction":[{"@type":"SearchAction","target":{"@type":"EntryPoint","urlTemplate":"https:\/\/essarp.org.ar\/es\/?s={search_term_string}"},"query-input":{"@type":"PropertyValueSpecification","valueRequired":true,"valueName":"search_term_string"}}],"inLanguage":"es-AR"}]}},"_links":{"self":[{"href":"https:\/\/essarp.org.ar\/es\/wp-json\/wp\/v2\/pages\/3515","targetHints":{"allow":["GET"]}}],"collection":[{"href":"https:\/\/essarp.org.ar\/es\/wp-json\/wp\/v2\/pages"}],"about":[{"href":"https:\/\/essarp.org.ar\/es\/wp-json\/wp\/v2\/types\/page"}],"author":[{"embeddable":true,"href":"https:\/\/essarp.org.ar\/es\/wp-json\/wp\/v2\/users\/1"}],"replies":[{"embeddable":true,"href":"https:\/\/essarp.org.ar\/es\/wp-json\/wp\/v2\/comments?post=3515"}],"version-history":[{"count":29,"href":"https:\/\/essarp.org.ar\/es\/wp-json\/wp\/v2\/pages\/3515\/revisions"}],"predecessor-version":[{"id":23174,"href":"https:\/\/essarp.org.ar\/es\/wp-json\/wp\/v2\/pages\/3515\/revisions\/23174"}],"up":[{"embeddable":true,"href":"https:\/\/essarp.org.ar\/es\/wp-json\/wp\/v2\/pages\/972"}],"wp:attachment":[{"href":"https:\/\/essarp.org.ar\/es\/wp-json\/wp\/v2\/media?parent=3515"}],"curies":[{"name":"wp","href":"https:\/\/api.w.org\/{rel}","templated":true}]}}