{"id":3512,"date":"2014-05-16T12:07:37","date_gmt":"2014-05-16T15:07:37","guid":{"rendered":"http:\/\/beta.essarp.org.ar\/?page_id=3512"},"modified":"2026-04-06T12:03:00","modified_gmt":"2026-04-06T15:03:00","slug":"essarp-va-al-colegio","status":"publish","type":"page","link":"https:\/\/essarp.org.ar\/es\/actividades-academicas\/essarp-va-al-colegio\/","title":{"rendered":"ESSARP va al Colegio"},"content":{"rendered":"<p><strong>ESSARP Goes to School<\/strong><\/p>\n<p>El programa \u201c<strong>ESSARP Goes to School\u201d <\/strong>(ESSARP va al Colegio) es una iniciativa que se encuentra en vigencia desde hace varios a\u00f1os. Su objetivo principal es acercar los cursos que brinda ESSARP a los colegios y a sus docentes, lo que reduce el tiempo de viaje y los costos para los participantes.<\/p>\n<p>La idea central puede resumirse de la siguiente manera:<\/p>\n<ul>\n<li>Los Colegios Miembros y Afiliados que tengan inter\u00e9s en participar de este programa solicitar\u00e1n los temas, \u00e1reas, los facilitadores o los cursos espec\u00edficos en los que est\u00e1n interesados. Brindar\u00e1n el lugar para la realizaci\u00f3n del curso y se les garantizar\u00e1 20 vacantes por curso para sus docentes (se asignar\u00e1 el resto de las vacantes a los docentes de otros colegios de acuerdo al orden de inscripci\u00f3n). Tambi\u00e9n colaborar\u00e1n con ESSARP Centre para facilitar la organizaci\u00f3n del curso.<strong>\u00a0<\/strong><\/li>\n<li>ESSARP se pondr\u00e1 en contacto con el facilitador del curso y realizar\u00e1 todos los arreglos pertinentes, incluyendo el pago de los honorarios del facilitador. ESSARP publicar\u00e1 el curso entre todos los Colegios Miembros y Afiliados y se encargar\u00e1 tanto de las inscripciones como la emisi\u00f3n de certificados.<\/li>\n<\/ul>\n<p>Intentaremos cumplir con todas las solicitudes y a su vez brindar una amplia cobertura geogr\u00e1fica para que la mayor cantidad de docentes pueda participar en estos cursos. Es importante resaltar que para que la informaci\u00f3n llegue a todos los interesados, ESSARP siempre tiene como objetivo enviar dicha informaci\u00f3n por lo menos un mes antes del comienzo del curso.<\/p>\n<table>\n<tbody>\n<tr>\n<td style=\"text-align: center;\">Responsabilidades de ESSARP<\/td>\n<td>\n<p style=\"text-align: center;\">Responsabilidades del Colegio anfitri\u00f3n<\/p>\n<\/td>\n<\/tr>\n<tr>\n<td>-Contactarse con el facilitador<\/td>\n<td>-Proveer el espacio<\/td>\n<\/tr>\n<tr>\n<td>-Abonar los honorarios del facilitador<\/td>\n<td>-Proveer el equipamiento adecuado<\/td>\n<\/tr>\n<tr>\n<td>-Difundir el curso<\/td>\n<td>-Asegurarse que los participantes firmen la asistencia<\/td>\n<\/tr>\n<tr>\n<td>-Anotar a los participantes<\/td>\n<td>-Darles una c\u00e1lida bienvenida a los docentes de otros colegios<\/td>\n<\/tr>\n<tr>\n<td>-Proveer certificados de asistencia a los participantes<\/td>\n<td>-Proveer refrigerios para los participantes (agua, t\u00e9, caf\u00e9, etc)<\/td>\n<\/tr>\n<tr>\n<td>-Seguimiento de asistencia<\/td>\n<td>-Cooperar con ESSARP en cuestiones administrativas<\/td>\n<\/tr>\n<tr>\n<td>-Proveer fotocopias en caso que fuera necesario<\/td>\n<td><\/td>\n<\/tr>\n<\/tbody>\n<\/table>\n<p>&nbsp;<\/p>\n<blockquote>\n<div dir=\"ltr\">\n<div lang=\"ES\">\n<div class=\"x_x_x_WordSection1\">\n<div>\n<p class=\"x_x_x_paragraph\">\n<\/div>\n<div>\n<p class=\"x_x_x_paragraph\">Si su escuela desea ser el anfitri\u00f3n de uno de estos cursos de ESSARP, solo tiene que completar el siguiente <span style=\"color: #3366ff;\"><a style=\"color: #3366ff;\" href=\"https:\/\/forms.office.com\/r\/8DfCbrAy7f\" target=\"_blank\" rel=\"noopener\">formulario<\/a>.<\/span><\/p>\n<\/div>\n<\/div>\n<\/div>\n<\/div>\n<\/blockquote>\n<p>&nbsp;<\/p>\n","protected":false},"excerpt":{"rendered":"<p>ESSARP Goes to School El programa \u201cESSARP Goes to School\u201d (ESSARP va al Colegio) es una iniciativa que se encuentra en vigencia desde hace varios a\u00f1os. Su objetivo principal es acercar los cursos que brinda ESSARP a los colegios y a sus docentes, lo que reduce el tiempo de viaje y los costos para los&hellip;<\/p>\n","protected":false},"author":1,"featured_media":0,"parent":972,"menu_order":0,"comment_status":"closed","ping_status":"closed","template":"","meta":{"_monsterinsights_skip_tracking":false,"_monsterinsights_sitenote_active":false,"_monsterinsights_sitenote_note":"","_monsterinsights_sitenote_category":0,"footnotes":"","_links_to":"","_links_to_target":""},"class_list":["post-3512","page","type-page","status-publish","hentry","description-off"],"yoast_head":"<!-- This site is optimized with the Yoast SEO plugin v27.4 - https:\/\/yoast.com\/product\/yoast-seo-wordpress\/ -->\n<title>ESSARP va al Colegio - ESSARP<\/title>\n<meta name=\"robots\" content=\"index, follow, max-snippet:-1, max-image-preview:large, max-video-preview:-1\" \/>\n<link rel=\"canonical\" href=\"https:\/\/essarp.org.ar\/es\/actividades-academicas\/essarp-va-al-colegio\/\" \/>\n<meta property=\"og:locale\" content=\"es_ES\" \/>\n<meta property=\"og:type\" content=\"article\" \/>\n<meta property=\"og:title\" content=\"ESSARP va al Colegio - ESSARP\" \/>\n<meta property=\"og:description\" content=\"ESSARP Goes to School El programa \u201cESSARP Goes to School\u201d (ESSARP va al Colegio) es una iniciativa que se encuentra en vigencia desde hace varios a\u00f1os. Su objetivo principal es acercar los cursos que brinda ESSARP a los colegios y a sus docentes, lo que reduce el tiempo de viaje y los costos para los&hellip;\" \/>\n<meta property=\"og:url\" content=\"https:\/\/essarp.org.ar\/es\/actividades-academicas\/essarp-va-al-colegio\/\" \/>\n<meta property=\"og:site_name\" content=\"ESSARP\" \/>\n<meta property=\"article:modified_time\" content=\"2026-04-06T15:03:00+00:00\" \/>\n<meta name=\"twitter:card\" content=\"summary_large_image\" \/>\n<meta name=\"twitter:label1\" content=\"Tiempo de lectura\" \/>\n\t<meta name=\"twitter:data1\" content=\"2 minutos\" \/>\n<script type=\"application\/ld+json\" class=\"yoast-schema-graph\">{\"@context\":\"https:\\\/\\\/schema.org\",\"@graph\":[{\"@type\":\"WebPage\",\"@id\":\"https:\\\/\\\/essarp.org.ar\\\/es\\\/actividades-academicas\\\/essarp-va-al-colegio\\\/\",\"url\":\"https:\\\/\\\/essarp.org.ar\\\/es\\\/actividades-academicas\\\/essarp-va-al-colegio\\\/\",\"name\":\"ESSARP va al Colegio - ESSARP\",\"isPartOf\":{\"@id\":\"https:\\\/\\\/essarp.org.ar\\\/es\\\/#website\"},\"datePublished\":\"2014-05-16T15:07:37+00:00\",\"dateModified\":\"2026-04-06T15:03:00+00:00\",\"breadcrumb\":{\"@id\":\"https:\\\/\\\/essarp.org.ar\\\/es\\\/actividades-academicas\\\/essarp-va-al-colegio\\\/#breadcrumb\"},\"inLanguage\":\"es-AR\",\"potentialAction\":[{\"@type\":\"ReadAction\",\"target\":[\"https:\\\/\\\/essarp.org.ar\\\/es\\\/actividades-academicas\\\/essarp-va-al-colegio\\\/\"]}]},{\"@type\":\"BreadcrumbList\",\"@id\":\"https:\\\/\\\/essarp.org.ar\\\/es\\\/actividades-academicas\\\/essarp-va-al-colegio\\\/#breadcrumb\",\"itemListElement\":[{\"@type\":\"ListItem\",\"position\":1,\"name\":\"Actividades Acad\u00e9micas\",\"item\":\"https:\\\/\\\/essarp.org.ar\\\/es\\\/actividades-academicas\\\/\"},{\"@type\":\"ListItem\",\"position\":2,\"name\":\"ESSARP va al Colegio\"}]},{\"@type\":\"WebSite\",\"@id\":\"https:\\\/\\\/essarp.org.ar\\\/es\\\/#website\",\"url\":\"https:\\\/\\\/essarp.org.ar\\\/es\\\/\",\"name\":\"ESSARP\",\"description\":\"\",\"potentialAction\":[{\"@type\":\"SearchAction\",\"target\":{\"@type\":\"EntryPoint\",\"urlTemplate\":\"https:\\\/\\\/essarp.org.ar\\\/es\\\/?s={search_term_string}\"},\"query-input\":{\"@type\":\"PropertyValueSpecification\",\"valueRequired\":true,\"valueName\":\"search_term_string\"}}],\"inLanguage\":\"es-AR\"}]}<\/script>\n<!-- \/ Yoast SEO plugin. -->","yoast_head_json":{"title":"ESSARP va al Colegio - ESSARP","robots":{"index":"index","follow":"follow","max-snippet":"max-snippet:-1","max-image-preview":"max-image-preview:large","max-video-preview":"max-video-preview:-1"},"canonical":"https:\/\/essarp.org.ar\/es\/actividades-academicas\/essarp-va-al-colegio\/","og_locale":"es_ES","og_type":"article","og_title":"ESSARP va al Colegio - ESSARP","og_description":"ESSARP Goes to School El programa \u201cESSARP Goes to School\u201d (ESSARP va al Colegio) es una iniciativa que se encuentra en vigencia desde hace varios a\u00f1os. Su objetivo principal es acercar los cursos que brinda ESSARP a los colegios y a sus docentes, lo que reduce el tiempo de viaje y los costos para los&hellip;","og_url":"https:\/\/essarp.org.ar\/es\/actividades-academicas\/essarp-va-al-colegio\/","og_site_name":"ESSARP","article_modified_time":"2026-04-06T15:03:00+00:00","twitter_card":"summary_large_image","twitter_misc":{"Tiempo de lectura":"2 minutos"},"schema":{"@context":"https:\/\/schema.org","@graph":[{"@type":"WebPage","@id":"https:\/\/essarp.org.ar\/es\/actividades-academicas\/essarp-va-al-colegio\/","url":"https:\/\/essarp.org.ar\/es\/actividades-academicas\/essarp-va-al-colegio\/","name":"ESSARP va al Colegio - ESSARP","isPartOf":{"@id":"https:\/\/essarp.org.ar\/es\/#website"},"datePublished":"2014-05-16T15:07:37+00:00","dateModified":"2026-04-06T15:03:00+00:00","breadcrumb":{"@id":"https:\/\/essarp.org.ar\/es\/actividades-academicas\/essarp-va-al-colegio\/#breadcrumb"},"inLanguage":"es-AR","potentialAction":[{"@type":"ReadAction","target":["https:\/\/essarp.org.ar\/es\/actividades-academicas\/essarp-va-al-colegio\/"]}]},{"@type":"BreadcrumbList","@id":"https:\/\/essarp.org.ar\/es\/actividades-academicas\/essarp-va-al-colegio\/#breadcrumb","itemListElement":[{"@type":"ListItem","position":1,"name":"Actividades Acad\u00e9micas","item":"https:\/\/essarp.org.ar\/es\/actividades-academicas\/"},{"@type":"ListItem","position":2,"name":"ESSARP va al Colegio"}]},{"@type":"WebSite","@id":"https:\/\/essarp.org.ar\/es\/#website","url":"https:\/\/essarp.org.ar\/es\/","name":"ESSARP","description":"","potentialAction":[{"@type":"SearchAction","target":{"@type":"EntryPoint","urlTemplate":"https:\/\/essarp.org.ar\/es\/?s={search_term_string}"},"query-input":{"@type":"PropertyValueSpecification","valueRequired":true,"valueName":"search_term_string"}}],"inLanguage":"es-AR"}]}},"_links":{"self":[{"href":"https:\/\/essarp.org.ar\/es\/wp-json\/wp\/v2\/pages\/3512","targetHints":{"allow":["GET"]}}],"collection":[{"href":"https:\/\/essarp.org.ar\/es\/wp-json\/wp\/v2\/pages"}],"about":[{"href":"https:\/\/essarp.org.ar\/es\/wp-json\/wp\/v2\/types\/page"}],"author":[{"embeddable":true,"href":"https:\/\/essarp.org.ar\/es\/wp-json\/wp\/v2\/users\/1"}],"replies":[{"embeddable":true,"href":"https:\/\/essarp.org.ar\/es\/wp-json\/wp\/v2\/comments?post=3512"}],"version-history":[{"count":5,"href":"https:\/\/essarp.org.ar\/es\/wp-json\/wp\/v2\/pages\/3512\/revisions"}],"predecessor-version":[{"id":22029,"href":"https:\/\/essarp.org.ar\/es\/wp-json\/wp\/v2\/pages\/3512\/revisions\/22029"}],"up":[{"embeddable":true,"href":"https:\/\/essarp.org.ar\/es\/wp-json\/wp\/v2\/pages\/972"}],"wp:attachment":[{"href":"https:\/\/essarp.org.ar\/es\/wp-json\/wp\/v2\/media?parent=3512"}],"curies":[{"name":"wp","href":"https:\/\/api.w.org\/{rel}","templated":true}]}}