{"id":2097,"date":"2014-04-28T11:18:55","date_gmt":"2014-04-28T14:18:55","guid":{"rendered":"http:\/\/beta.essarp.org.ar\/?page_id=2097"},"modified":"2022-11-06T11:47:24","modified_gmt":"2022-11-06T14:47:24","slug":"upper-main-suite-fce-fces-cae-cpe","status":"publish","type":"page","link":"https:\/\/essarp.org.ar\/es\/examenes-internacionales\/upper-main-suite-fce-fces-cae-cpe\/","title":{"rendered":"Upper Main Suite (First, First\/S, Advanced, Proficiency)"},"content":{"rendered":"<ul>\n<li style=\"text-align: justify;\"><em><strong>Cambridge English: First<\/strong><\/em><strong><em> (FCE)<\/em>,<\/strong> es un t\u00edtulo de nivel intermedio-avanzado. Demuestra que los estudiantes pueden ut el ingl\u00e9s escrito y oral con fines laborales o acad\u00e9micos.<\/li>\n<\/ul>\n<p><span style=\"text-decoration: underline; color: #008000;\"><strong><a href=\"https:\/\/essarp.org.ar\/wp-content\/uploads\/2014\/04\/FCE.pdf\"><span style=\"color: #008000; text-decoration: underline;\">FCE<\/span><\/a><\/strong><a href=\"https:\/\/essarp.org.ar\/wp-content\/uploads\/2014\/04\/FCE.pdf\"><span style=\"color: #008000; text-decoration: underline;\"> (Descargar Informaci\u00f3n para Candidatos)<\/span><\/a><\/span><\/p>\n<ul>\n<li style=\"text-align: justify;\"><em><strong>Cambridge English: First for Schools<\/strong><\/em>\u00a0<strong>(FCE\/S)<\/strong> ha sido creado a medida para adaptarse a los intereses de los estudiantes y as\u00ed aumentar su motivaci\u00f3n para aprender ingl\u00e9s. Al basarse en asuntos y en situaciones informales, les proporciona la confianza necesaria para usar su ingl\u00e9s y los inspira para obtener otras certificaciones.\u00a0<strong><em>Cambridge English: First for Schools<\/em>\u00a0<\/strong>se sit\u00faa en un nivel intermedio-avanzado.<\/li>\n<\/ul>\n<p><span style=\"text-decoration: underline; color: #008000;\"><strong><a href=\"https:\/\/essarp.org.ar\/wp-content\/uploads\/2014\/04\/FCE-for-Schools1.pdf\"><span style=\"color: #008000; text-decoration: underline;\">FCE for Schools <\/span><\/a><\/strong><a href=\"https:\/\/essarp.org.ar\/wp-content\/uploads\/2014\/04\/FCE-for-Schools1.pdf\"><span style=\"color: #008000; text-decoration: underline;\">(Descargar Informaci\u00f3n para Candidatos) <\/span><\/a><\/span><span style=\"color: #008000;\">\u00a0<\/span><\/p>\n<ul>\n<li style=\"text-align: justify;\"><strong>Cambridge English: Advanced\u00a0\u00a0(CAE) <\/strong>Ayuda a desarrollar las competencias ling\u00fc\u00edsticas que los estudiantes necesitan para desempe\u00f1arse satisfactoriamente y puede ser utilizado en sus solicitudes de visas de estudiante y para ingresar a las universidades en el Reino Unido y en Australia. Prepararse para\u00a0<em>Cambridge English: Advanced (CAE)<\/em>\u00a0ayuda a los estudiantes a desarrollar sus destrezas para aprovechar al m\u00e1ximo sus estudios, su actividad profesional y su residencia en pa\u00edses angloparlantes.<\/li>\n<\/ul>\n<p><span style=\"text-decoration: underline; color: #008000;\"><strong><a href=\"https:\/\/essarp.org.ar\/wp-content\/uploads\/2014\/04\/CAE1.pdf\"><span style=\"color: #008000; text-decoration: underline;\">CAE<\/span><\/a><\/strong><a href=\"https:\/\/essarp.org.ar\/wp-content\/uploads\/2014\/04\/FCE.pdf\"><span style=\"color: #008000; text-decoration: underline;\"> (Descargar Informaci\u00f3n para Candidatos)<\/span><\/a><\/span><\/p>\n<ul>\n<li style=\"text-align: justify;\"><em><strong>Cambridge English: Proficiency <\/strong><\/em><strong><em>(CPE)<\/em><\/strong>, es nuestra calificaci\u00f3n m\u00e1s avanzada. Certifica que los estudiantes han alcanzado un nivel de ingl\u00e9s extremadamente alto.<\/li>\n<\/ul>\n<p><span style=\"color: #008000;\"><strong><span style=\"text-decoration: underline;\"><a href=\"https:\/\/essarp.org.ar\/wp-content\/uploads\/2014\/04\/CEP.pdf\"><span style=\"color: #008000; text-decoration: underline;\">CPE <\/span><\/a><\/span><\/strong><span style=\"text-decoration: underline;\"><a href=\"https:\/\/essarp.org.ar\/wp-content\/uploads\/2014\/04\/FCE.pdf\"><span style=\"color: #008000; text-decoration: underline;\">(Descargar Informaci\u00f3n para Candidatos)<\/span><\/a><\/span><\/span><\/p>\n","protected":false},"excerpt":{"rendered":"<p>Cambridge English: First (FCE), es un t\u00edtulo de nivel intermedio-avanzado. Demuestra que los estudiantes pueden ut el ingl\u00e9s escrito y oral con fines laborales o acad\u00e9micos. FCE (Descargar Informaci\u00f3n para Candidatos) Cambridge English: First for Schools\u00a0(FCE\/S) ha sido creado a medida para adaptarse a los intereses de los estudiantes y as\u00ed aumentar su motivaci\u00f3n para&hellip;<\/p>\n","protected":false},"author":1,"featured_media":0,"parent":19502,"menu_order":0,"comment_status":"closed","ping_status":"closed","template":"","meta":{"_monsterinsights_skip_tracking":false,"_monsterinsights_sitenote_active":false,"_monsterinsights_sitenote_note":"","_monsterinsights_sitenote_category":0,"footnotes":"","_links_to":"","_links_to_target":""},"class_list":["post-2097","page","type-page","status-publish","hentry","description-off"],"yoast_head":"<!-- This site is optimized with the Yoast SEO plugin v27.3 - https:\/\/yoast.com\/product\/yoast-seo-wordpress\/ -->\n<title>Upper Main Suite (First, First\/S, Advanced, Proficiency) - ESSARP<\/title>\n<meta name=\"robots\" content=\"index, follow, max-snippet:-1, max-image-preview:large, max-video-preview:-1\" \/>\n<link rel=\"canonical\" href=\"https:\/\/essarp.org.ar\/es\/examenes-internacionales\/upper-main-suite-fce-fces-cae-cpe\/\" \/>\n<meta property=\"og:locale\" content=\"es_ES\" \/>\n<meta property=\"og:type\" content=\"article\" \/>\n<meta property=\"og:title\" content=\"Upper Main Suite (First, First\/S, Advanced, Proficiency) - ESSARP\" \/>\n<meta property=\"og:description\" content=\"Cambridge English: First (FCE), es un t\u00edtulo de nivel intermedio-avanzado. Demuestra que los estudiantes pueden ut el ingl\u00e9s escrito y oral con fines laborales o acad\u00e9micos. FCE (Descargar Informaci\u00f3n para Candidatos) Cambridge English: First for Schools\u00a0(FCE\/S) ha sido creado a medida para adaptarse a los intereses de los estudiantes y as\u00ed aumentar su motivaci\u00f3n para&hellip;\" \/>\n<meta property=\"og:url\" content=\"https:\/\/essarp.org.ar\/es\/examenes-internacionales\/upper-main-suite-fce-fces-cae-cpe\/\" \/>\n<meta property=\"og:site_name\" content=\"ESSARP\" \/>\n<meta property=\"article:modified_time\" content=\"2022-11-06T14:47:24+00:00\" \/>\n<meta name=\"twitter:card\" content=\"summary_large_image\" \/>\n<meta name=\"twitter:label1\" content=\"Tiempo de lectura\" \/>\n\t<meta name=\"twitter:data1\" content=\"1 minuto\" \/>\n<script type=\"application\/ld+json\" class=\"yoast-schema-graph\">{\"@context\":\"https:\\\/\\\/schema.org\",\"@graph\":[{\"@type\":\"WebPage\",\"@id\":\"https:\\\/\\\/essarp.org.ar\\\/es\\\/examenes-internacionales\\\/upper-main-suite-fce-fces-cae-cpe\\\/\",\"url\":\"https:\\\/\\\/essarp.org.ar\\\/es\\\/examenes-internacionales\\\/upper-main-suite-fce-fces-cae-cpe\\\/\",\"name\":\"Upper Main Suite (First, First\\\/S, Advanced, Proficiency) - ESSARP\",\"isPartOf\":{\"@id\":\"https:\\\/\\\/essarp.org.ar\\\/es\\\/#website\"},\"datePublished\":\"2014-04-28T14:18:55+00:00\",\"dateModified\":\"2022-11-06T14:47:24+00:00\",\"breadcrumb\":{\"@id\":\"https:\\\/\\\/essarp.org.ar\\\/es\\\/examenes-internacionales\\\/upper-main-suite-fce-fces-cae-cpe\\\/#breadcrumb\"},\"inLanguage\":\"es-AR\",\"potentialAction\":[{\"@type\":\"ReadAction\",\"target\":[\"https:\\\/\\\/essarp.org.ar\\\/es\\\/examenes-internacionales\\\/upper-main-suite-fce-fces-cae-cpe\\\/\"]}]},{\"@type\":\"BreadcrumbList\",\"@id\":\"https:\\\/\\\/essarp.org.ar\\\/es\\\/examenes-internacionales\\\/upper-main-suite-fce-fces-cae-cpe\\\/#breadcrumb\",\"itemListElement\":[{\"@type\":\"ListItem\",\"position\":1,\"name\":\"Ex\u00e1menes Internacionales\",\"item\":\"https:\\\/\\\/essarp.org.ar\\\/es\\\/examenes-internacionales\\\/\"},{\"@type\":\"ListItem\",\"position\":2,\"name\":\"Upper Main Suite (First, First\\\/S, Advanced, Proficiency)\"}]},{\"@type\":\"WebSite\",\"@id\":\"https:\\\/\\\/essarp.org.ar\\\/es\\\/#website\",\"url\":\"https:\\\/\\\/essarp.org.ar\\\/es\\\/\",\"name\":\"ESSARP\",\"description\":\"\",\"potentialAction\":[{\"@type\":\"SearchAction\",\"target\":{\"@type\":\"EntryPoint\",\"urlTemplate\":\"https:\\\/\\\/essarp.org.ar\\\/es\\\/?s={search_term_string}\"},\"query-input\":{\"@type\":\"PropertyValueSpecification\",\"valueRequired\":true,\"valueName\":\"search_term_string\"}}],\"inLanguage\":\"es-AR\"}]}<\/script>\n<!-- \/ Yoast SEO plugin. -->","yoast_head_json":{"title":"Upper Main Suite (First, First\/S, Advanced, Proficiency) - ESSARP","robots":{"index":"index","follow":"follow","max-snippet":"max-snippet:-1","max-image-preview":"max-image-preview:large","max-video-preview":"max-video-preview:-1"},"canonical":"https:\/\/essarp.org.ar\/es\/examenes-internacionales\/upper-main-suite-fce-fces-cae-cpe\/","og_locale":"es_ES","og_type":"article","og_title":"Upper Main Suite (First, First\/S, Advanced, Proficiency) - ESSARP","og_description":"Cambridge English: First (FCE), es un t\u00edtulo de nivel intermedio-avanzado. Demuestra que los estudiantes pueden ut el ingl\u00e9s escrito y oral con fines laborales o acad\u00e9micos. FCE (Descargar Informaci\u00f3n para Candidatos) Cambridge English: First for Schools\u00a0(FCE\/S) ha sido creado a medida para adaptarse a los intereses de los estudiantes y as\u00ed aumentar su motivaci\u00f3n para&hellip;","og_url":"https:\/\/essarp.org.ar\/es\/examenes-internacionales\/upper-main-suite-fce-fces-cae-cpe\/","og_site_name":"ESSARP","article_modified_time":"2022-11-06T14:47:24+00:00","twitter_card":"summary_large_image","twitter_misc":{"Tiempo de lectura":"1 minuto"},"schema":{"@context":"https:\/\/schema.org","@graph":[{"@type":"WebPage","@id":"https:\/\/essarp.org.ar\/es\/examenes-internacionales\/upper-main-suite-fce-fces-cae-cpe\/","url":"https:\/\/essarp.org.ar\/es\/examenes-internacionales\/upper-main-suite-fce-fces-cae-cpe\/","name":"Upper Main Suite (First, First\/S, Advanced, Proficiency) - ESSARP","isPartOf":{"@id":"https:\/\/essarp.org.ar\/es\/#website"},"datePublished":"2014-04-28T14:18:55+00:00","dateModified":"2022-11-06T14:47:24+00:00","breadcrumb":{"@id":"https:\/\/essarp.org.ar\/es\/examenes-internacionales\/upper-main-suite-fce-fces-cae-cpe\/#breadcrumb"},"inLanguage":"es-AR","potentialAction":[{"@type":"ReadAction","target":["https:\/\/essarp.org.ar\/es\/examenes-internacionales\/upper-main-suite-fce-fces-cae-cpe\/"]}]},{"@type":"BreadcrumbList","@id":"https:\/\/essarp.org.ar\/es\/examenes-internacionales\/upper-main-suite-fce-fces-cae-cpe\/#breadcrumb","itemListElement":[{"@type":"ListItem","position":1,"name":"Ex\u00e1menes Internacionales","item":"https:\/\/essarp.org.ar\/es\/examenes-internacionales\/"},{"@type":"ListItem","position":2,"name":"Upper Main Suite (First, First\/S, Advanced, Proficiency)"}]},{"@type":"WebSite","@id":"https:\/\/essarp.org.ar\/es\/#website","url":"https:\/\/essarp.org.ar\/es\/","name":"ESSARP","description":"","potentialAction":[{"@type":"SearchAction","target":{"@type":"EntryPoint","urlTemplate":"https:\/\/essarp.org.ar\/es\/?s={search_term_string}"},"query-input":{"@type":"PropertyValueSpecification","valueRequired":true,"valueName":"search_term_string"}}],"inLanguage":"es-AR"}]}},"_links":{"self":[{"href":"https:\/\/essarp.org.ar\/es\/wp-json\/wp\/v2\/pages\/2097","targetHints":{"allow":["GET"]}}],"collection":[{"href":"https:\/\/essarp.org.ar\/es\/wp-json\/wp\/v2\/pages"}],"about":[{"href":"https:\/\/essarp.org.ar\/es\/wp-json\/wp\/v2\/types\/page"}],"author":[{"embeddable":true,"href":"https:\/\/essarp.org.ar\/es\/wp-json\/wp\/v2\/users\/1"}],"replies":[{"embeddable":true,"href":"https:\/\/essarp.org.ar\/es\/wp-json\/wp\/v2\/comments?post=2097"}],"version-history":[{"count":1,"href":"https:\/\/essarp.org.ar\/es\/wp-json\/wp\/v2\/pages\/2097\/revisions"}],"predecessor-version":[{"id":20185,"href":"https:\/\/essarp.org.ar\/es\/wp-json\/wp\/v2\/pages\/2097\/revisions\/20185"}],"up":[{"embeddable":true,"href":"https:\/\/essarp.org.ar\/es\/wp-json\/wp\/v2\/pages\/19502"}],"wp:attachment":[{"href":"https:\/\/essarp.org.ar\/es\/wp-json\/wp\/v2\/media?parent=2097"}],"curies":[{"name":"wp","href":"https:\/\/api.w.org\/{rel}","templated":true}]}}