{"id":2090,"date":"2014-04-28T11:17:50","date_gmt":"2014-04-28T14:17:50","guid":{"rendered":"http:\/\/beta.essarp.org.ar\/?page_id=2090"},"modified":"2022-11-06T11:47:21","modified_gmt":"2022-11-06T14:47:21","slug":"lower-main-suite-ket-kets-pet-pets","status":"publish","type":"page","link":"https:\/\/essarp.org.ar\/es\/examenes-internacionales\/lower-main-suite-ket-kets-pet-pets\/","title":{"rendered":"Lower Main Suite (Key, Key\/s, Preliminary, Preliminary\/s)"},"content":{"rendered":"<ul>\n<li style=\"text-align: justify;\"><strong><em>Key English Test (KET)<\/em><\/strong>, es una calificaci\u00f3n de nivel inicial que demuestra que usted puede usar el ingl\u00e9s para comunicarse en situaciones sencillas. Certifica que usted tiene una excelente base en el aprendizaje del ingl\u00e9s.<\/li>\n<\/ul>\n<p style=\"text-align: justify;\"><span style=\"text-decoration: underline;\"><strong><a href=\"..\/wp-content\/uploads\/2014\/04\/KET-Spanish.pdf\">KET<\/a><\/strong><a href=\"..\/wp-content\/uploads\/2014\/04\/KET-Spanish.pdf\"> (Descargar Informaci\u00f3n para Candidatos)<\/a><\/span><strong>\u00a0<\/strong><\/p>\n<ul style=\"text-align: justify;\">\n<li><strong><em>Key English Test for Schools (KET\/S) <\/em><\/strong>, demuestra que un estudiante puede utilizar un ingl\u00e9s sencillo y cotidiano tanto escrito como oral. <em>Cambridge English: Key for Schools<\/em>\u00a0es un t\u00edtulo de nivel inicial.<\/li>\n<\/ul>\n<p style=\"text-align: justify;\"><strong><span style=\"text-decoration: underline;\"><a href=\"..\/wp-content\/uploads\/2014\/04\/KET-for-Schools-Spanish.pdf\">KET for Schools<\/a><\/span><\/strong><span style=\"text-decoration: underline;\"><a href=\"..\/wp-content\/uploads\/2014\/04\/KET-Spanish.pdf\"> (Descargar Informaci\u00f3n para Candidatos)<\/a><\/span><\/p>\n<ul style=\"text-align: justify;\">\n<li><strong><em>Preliminary English Test (PET)<\/em><\/strong>, es un examen de nivel intermedio. Certifica que usted es capaz de utilizar sus competencias ling\u00fc\u00edsticas en ingl\u00e9s para trabajar, para estudiar y para viajar.<\/li>\n<\/ul>\n<p style=\"text-align: justify;\"><span style=\"text-decoration: underline;\"><span style=\"text-decoration: underline;\"><span style=\"color: #008000;\"><b>PET<\/b><\/span><a href=\"..\/wp-content\/uploads\/2014\/04\/KET-Spanish.pdf\">\u00a0(Descargar Informaci\u00f3n para Candidatos)<\/a><\/span><\/span><strong><span style=\"text-decoration: underline;\"><strong><br \/>\n<\/strong><\/span><\/strong><\/p>\n<ul>\n<li style=\"text-align: justify;\"><strong><em>Preliminary English Test for Schools (PET\/S)<\/em><\/strong>, demuestra que un estudiante puede comprender y comunicarse correctamente mediante el uso del ingl\u00e9s escrito y oral. Cambridge English: Preliminary fo<em>r <\/em>Schools\u00a0es una calificaci\u00f3n de nivel intermedio.<\/li>\n<\/ul>\n<p style=\"text-align: justify;\"><span style=\"text-decoration: underline;\"><strong><a href=\"..\/wp-content\/uploads\/2014\/04\/PET-for-Schools-Spanish.pdf\">PET for Schools<\/a><\/strong><a href=\"..\/wp-content\/uploads\/2014\/04\/KET-Spanish.pdf\"> (Descargar Informaci\u00f3n para Candidatos)<\/a><strong><a href=\"..\/wp-content\/uploads\/2014\/04\/PET-for-Schools-Spanish.pdf\"><strong><br \/>\n<\/strong><\/a><\/strong><\/span><\/p>\n<p style=\"text-align: justify;\">\n","protected":false},"excerpt":{"rendered":"<p>Key English Test (KET), es una calificaci\u00f3n de nivel inicial que demuestra que usted puede usar el ingl\u00e9s para comunicarse en situaciones sencillas. Certifica que usted tiene una excelente base en el aprendizaje del ingl\u00e9s. KET (Descargar Informaci\u00f3n para Candidatos)\u00a0 Key English Test for Schools (KET\/S) , demuestra que un estudiante puede utilizar un ingl\u00e9s&hellip;<\/p>\n","protected":false},"author":1,"featured_media":0,"parent":19502,"menu_order":0,"comment_status":"closed","ping_status":"closed","template":"","meta":{"_monsterinsights_skip_tracking":false,"_monsterinsights_sitenote_active":false,"_monsterinsights_sitenote_note":"","_monsterinsights_sitenote_category":0,"footnotes":"","_links_to":"","_links_to_target":""},"class_list":["post-2090","page","type-page","status-publish","hentry","description-off"],"yoast_head":"<!-- This site is optimized with the Yoast SEO plugin v27.4 - https:\/\/yoast.com\/product\/yoast-seo-wordpress\/ -->\n<title>Lower Main Suite (Key, Key\/s, Preliminary, Preliminary\/s) - ESSARP<\/title>\n<meta name=\"robots\" content=\"index, follow, max-snippet:-1, max-image-preview:large, max-video-preview:-1\" \/>\n<link rel=\"canonical\" href=\"https:\/\/essarp.org.ar\/es\/examenes-internacionales\/lower-main-suite-ket-kets-pet-pets\/\" \/>\n<meta property=\"og:locale\" content=\"es_ES\" \/>\n<meta property=\"og:type\" content=\"article\" \/>\n<meta property=\"og:title\" content=\"Lower Main Suite (Key, Key\/s, Preliminary, Preliminary\/s) - ESSARP\" \/>\n<meta property=\"og:description\" content=\"Key English Test (KET), es una calificaci\u00f3n de nivel inicial que demuestra que usted puede usar el ingl\u00e9s para comunicarse en situaciones sencillas. Certifica que usted tiene una excelente base en el aprendizaje del ingl\u00e9s. KET (Descargar Informaci\u00f3n para Candidatos)\u00a0 Key English Test for Schools (KET\/S) , demuestra que un estudiante puede utilizar un ingl\u00e9s&hellip;\" \/>\n<meta property=\"og:url\" content=\"https:\/\/essarp.org.ar\/es\/examenes-internacionales\/lower-main-suite-ket-kets-pet-pets\/\" \/>\n<meta property=\"og:site_name\" content=\"ESSARP\" \/>\n<meta property=\"article:modified_time\" content=\"2022-11-06T14:47:21+00:00\" \/>\n<meta name=\"twitter:card\" content=\"summary_large_image\" \/>\n<meta name=\"twitter:label1\" content=\"Tiempo de lectura\" \/>\n\t<meta name=\"twitter:data1\" content=\"1 minuto\" \/>\n<script type=\"application\/ld+json\" class=\"yoast-schema-graph\">{\"@context\":\"https:\\\/\\\/schema.org\",\"@graph\":[{\"@type\":\"WebPage\",\"@id\":\"https:\\\/\\\/essarp.org.ar\\\/es\\\/examenes-internacionales\\\/lower-main-suite-ket-kets-pet-pets\\\/\",\"url\":\"https:\\\/\\\/essarp.org.ar\\\/es\\\/examenes-internacionales\\\/lower-main-suite-ket-kets-pet-pets\\\/\",\"name\":\"Lower Main Suite (Key, Key\\\/s, Preliminary, Preliminary\\\/s) - ESSARP\",\"isPartOf\":{\"@id\":\"https:\\\/\\\/essarp.org.ar\\\/es\\\/#website\"},\"datePublished\":\"2014-04-28T14:17:50+00:00\",\"dateModified\":\"2022-11-06T14:47:21+00:00\",\"breadcrumb\":{\"@id\":\"https:\\\/\\\/essarp.org.ar\\\/es\\\/examenes-internacionales\\\/lower-main-suite-ket-kets-pet-pets\\\/#breadcrumb\"},\"inLanguage\":\"es-AR\",\"potentialAction\":[{\"@type\":\"ReadAction\",\"target\":[\"https:\\\/\\\/essarp.org.ar\\\/es\\\/examenes-internacionales\\\/lower-main-suite-ket-kets-pet-pets\\\/\"]}]},{\"@type\":\"BreadcrumbList\",\"@id\":\"https:\\\/\\\/essarp.org.ar\\\/es\\\/examenes-internacionales\\\/lower-main-suite-ket-kets-pet-pets\\\/#breadcrumb\",\"itemListElement\":[{\"@type\":\"ListItem\",\"position\":1,\"name\":\"Ex\u00e1menes Internacionales\",\"item\":\"https:\\\/\\\/essarp.org.ar\\\/es\\\/examenes-internacionales\\\/\"},{\"@type\":\"ListItem\",\"position\":2,\"name\":\"Lower Main Suite (Key, Key\\\/s, Preliminary, Preliminary\\\/s)\"}]},{\"@type\":\"WebSite\",\"@id\":\"https:\\\/\\\/essarp.org.ar\\\/es\\\/#website\",\"url\":\"https:\\\/\\\/essarp.org.ar\\\/es\\\/\",\"name\":\"ESSARP\",\"description\":\"\",\"potentialAction\":[{\"@type\":\"SearchAction\",\"target\":{\"@type\":\"EntryPoint\",\"urlTemplate\":\"https:\\\/\\\/essarp.org.ar\\\/es\\\/?s={search_term_string}\"},\"query-input\":{\"@type\":\"PropertyValueSpecification\",\"valueRequired\":true,\"valueName\":\"search_term_string\"}}],\"inLanguage\":\"es-AR\"}]}<\/script>\n<!-- \/ Yoast SEO plugin. -->","yoast_head_json":{"title":"Lower Main Suite (Key, Key\/s, Preliminary, Preliminary\/s) - ESSARP","robots":{"index":"index","follow":"follow","max-snippet":"max-snippet:-1","max-image-preview":"max-image-preview:large","max-video-preview":"max-video-preview:-1"},"canonical":"https:\/\/essarp.org.ar\/es\/examenes-internacionales\/lower-main-suite-ket-kets-pet-pets\/","og_locale":"es_ES","og_type":"article","og_title":"Lower Main Suite (Key, Key\/s, Preliminary, Preliminary\/s) - ESSARP","og_description":"Key English Test (KET), es una calificaci\u00f3n de nivel inicial que demuestra que usted puede usar el ingl\u00e9s para comunicarse en situaciones sencillas. Certifica que usted tiene una excelente base en el aprendizaje del ingl\u00e9s. KET (Descargar Informaci\u00f3n para Candidatos)\u00a0 Key English Test for Schools (KET\/S) , demuestra que un estudiante puede utilizar un ingl\u00e9s&hellip;","og_url":"https:\/\/essarp.org.ar\/es\/examenes-internacionales\/lower-main-suite-ket-kets-pet-pets\/","og_site_name":"ESSARP","article_modified_time":"2022-11-06T14:47:21+00:00","twitter_card":"summary_large_image","twitter_misc":{"Tiempo de lectura":"1 minuto"},"schema":{"@context":"https:\/\/schema.org","@graph":[{"@type":"WebPage","@id":"https:\/\/essarp.org.ar\/es\/examenes-internacionales\/lower-main-suite-ket-kets-pet-pets\/","url":"https:\/\/essarp.org.ar\/es\/examenes-internacionales\/lower-main-suite-ket-kets-pet-pets\/","name":"Lower Main Suite (Key, Key\/s, Preliminary, Preliminary\/s) - ESSARP","isPartOf":{"@id":"https:\/\/essarp.org.ar\/es\/#website"},"datePublished":"2014-04-28T14:17:50+00:00","dateModified":"2022-11-06T14:47:21+00:00","breadcrumb":{"@id":"https:\/\/essarp.org.ar\/es\/examenes-internacionales\/lower-main-suite-ket-kets-pet-pets\/#breadcrumb"},"inLanguage":"es-AR","potentialAction":[{"@type":"ReadAction","target":["https:\/\/essarp.org.ar\/es\/examenes-internacionales\/lower-main-suite-ket-kets-pet-pets\/"]}]},{"@type":"BreadcrumbList","@id":"https:\/\/essarp.org.ar\/es\/examenes-internacionales\/lower-main-suite-ket-kets-pet-pets\/#breadcrumb","itemListElement":[{"@type":"ListItem","position":1,"name":"Ex\u00e1menes Internacionales","item":"https:\/\/essarp.org.ar\/es\/examenes-internacionales\/"},{"@type":"ListItem","position":2,"name":"Lower Main Suite (Key, Key\/s, Preliminary, Preliminary\/s)"}]},{"@type":"WebSite","@id":"https:\/\/essarp.org.ar\/es\/#website","url":"https:\/\/essarp.org.ar\/es\/","name":"ESSARP","description":"","potentialAction":[{"@type":"SearchAction","target":{"@type":"EntryPoint","urlTemplate":"https:\/\/essarp.org.ar\/es\/?s={search_term_string}"},"query-input":{"@type":"PropertyValueSpecification","valueRequired":true,"valueName":"search_term_string"}}],"inLanguage":"es-AR"}]}},"_links":{"self":[{"href":"https:\/\/essarp.org.ar\/es\/wp-json\/wp\/v2\/pages\/2090","targetHints":{"allow":["GET"]}}],"collection":[{"href":"https:\/\/essarp.org.ar\/es\/wp-json\/wp\/v2\/pages"}],"about":[{"href":"https:\/\/essarp.org.ar\/es\/wp-json\/wp\/v2\/types\/page"}],"author":[{"embeddable":true,"href":"https:\/\/essarp.org.ar\/es\/wp-json\/wp\/v2\/users\/1"}],"replies":[{"embeddable":true,"href":"https:\/\/essarp.org.ar\/es\/wp-json\/wp\/v2\/comments?post=2090"}],"version-history":[{"count":1,"href":"https:\/\/essarp.org.ar\/es\/wp-json\/wp\/v2\/pages\/2090\/revisions"}],"predecessor-version":[{"id":20182,"href":"https:\/\/essarp.org.ar\/es\/wp-json\/wp\/v2\/pages\/2090\/revisions\/20182"}],"up":[{"embeddable":true,"href":"https:\/\/essarp.org.ar\/es\/wp-json\/wp\/v2\/pages\/19502"}],"wp:attachment":[{"href":"https:\/\/essarp.org.ar\/es\/wp-json\/wp\/v2\/media?parent=2090"}],"curies":[{"name":"wp","href":"https:\/\/api.w.org\/{rel}","templated":true}]}}