{"id":2087,"date":"2014-04-28T11:16:51","date_gmt":"2014-04-28T14:16:51","guid":{"rendered":"http:\/\/beta.essarp.org.ar\/?page_id=2087"},"modified":"2022-11-06T11:47:20","modified_gmt":"2022-11-06T14:47:20","slug":"bec","status":"publish","type":"page","link":"https:\/\/essarp.org.ar\/es\/examenes-internacionales\/bec\/","title":{"rendered":"Business English Certificates"},"content":{"rendered":"<p style=\"text-align: justify;\"><em><strong>Cambridge English: Business Certificates<\/strong><\/em><strong><em>\u00a0<\/em><\/strong>est\u00e1n dise\u00f1ados para proporcionar a los estudiantes las destrezas pr\u00e1cticas que les ayudar\u00e1n a desempe\u00f1arse satisfactoriamente en entornos de negocios internacionales de habla inglesa.<\/p>\n<p style=\"text-align: justify;\">[learn_more caption=&#8221;BEC Preliminary&#8221;]<strong> Cambridge English: Business Preliminary<\/strong>, tambi\u00e9n conocido como Business English Certificate (BEC) Preliminary, es el primero de estos tres certificados. Se trata de un examen de nivel intermedio.[\/learn_more] [learn_more caption=&#8221;BEC Vantage&#8221;] <strong>Cambridge English: Business Vantage<\/strong>, tambi\u00e9n conocido como Business English Certificate (BEC) Vantage,es el segundo de los tres certificados de la gama Business English. Se trata de un examen de nivel intermedio-avanzado.[\/learn_more][learn_more caption=&#8221;BEC Higher&#8221;] <strong>Cambridge<\/strong> <strong>English: Business Higher<\/strong>, tambi\u00e9n conocido como Business English Certificate (BEC) Higher, es el tercero de los tres certificados de la gama Business English. Se trata de un examen de nivel alto.[\/learn_more]<\/p>\n<p><span style=\"color: #008000;\"><strong><strong><a href=\"https:\/\/essarp.org.ar\/wp-content\/uploads\/2014\/04\/BEC-Preliminary.pdf\"><span style=\"color: #008000; text-decoration: underline;\">BEC Preliminary<\/span><\/a><\/strong><\/strong>\u00a0(Download Information for Candidates)<\/span><\/p>\n<p><span style=\"text-decoration: underline;\"><span style=\"color: #008000; text-decoration: underline;\"><strong><strong><a href=\"https:\/\/essarp.org.ar\/wp-content\/uploads\/2014\/04\/BEC-Vantage.pdf\"><span style=\"color: #008000; text-decoration: underline;\">BEC Vantage<\/span><\/a><\/strong><\/strong><\/span><\/span><span style=\"color: #008000;\"><strong><strong>\u00a0<\/strong><\/strong><\/span><span style=\"color: #008000;\">(Download Information for Candidates)<\/span><\/p>\n<p style=\"text-align: justify;\"><span style=\"text-decoration: underline;\"><span style=\"color: #008000; text-decoration: underline;\"><strong><a href=\"https:\/\/essarp.org.ar\/wp-content\/uploads\/2014\/04\/BEC-Higher.pdf\"><span style=\"color: #008000; text-decoration: underline;\">BEC Higher<\/span><\/a><\/strong><\/span><\/span><span style=\"color: #008000;\">\u00a0(Download Information for Candidates)<\/span><\/p>\n<p style=\"text-align: justify;\">\n","protected":false},"excerpt":{"rendered":"<p>Cambridge English: Business Certificates\u00a0est\u00e1n dise\u00f1ados para proporcionar a los estudiantes las destrezas pr\u00e1cticas que les ayudar\u00e1n a desempe\u00f1arse satisfactoriamente en entornos de negocios internacionales de habla inglesa. [learn_more caption=&#8221;BEC Preliminary&#8221;] Cambridge English: Business Preliminary, tambi\u00e9n conocido como Business English Certificate (BEC) Preliminary, es el primero de estos tres certificados. Se trata de un examen de&hellip;<\/p>\n","protected":false},"author":1,"featured_media":0,"parent":19502,"menu_order":0,"comment_status":"closed","ping_status":"closed","template":"","meta":{"_monsterinsights_skip_tracking":false,"_monsterinsights_sitenote_active":false,"_monsterinsights_sitenote_note":"","_monsterinsights_sitenote_category":0,"footnotes":"","_links_to":"","_links_to_target":""},"class_list":["post-2087","page","type-page","status-publish","hentry","description-off"],"yoast_head":"<!-- This site is optimized with the Yoast SEO plugin v27.3 - https:\/\/yoast.com\/product\/yoast-seo-wordpress\/ -->\n<title>Business English Certificates - ESSARP<\/title>\n<meta name=\"robots\" content=\"index, follow, max-snippet:-1, max-image-preview:large, max-video-preview:-1\" \/>\n<link rel=\"canonical\" href=\"https:\/\/essarp.org.ar\/es\/examenes-internacionales\/bec\/\" \/>\n<meta property=\"og:locale\" content=\"es_ES\" \/>\n<meta property=\"og:type\" content=\"article\" \/>\n<meta property=\"og:title\" content=\"Business English Certificates - ESSARP\" \/>\n<meta property=\"og:description\" content=\"Cambridge English: Business Certificates\u00a0est\u00e1n dise\u00f1ados para proporcionar a los estudiantes las destrezas pr\u00e1cticas que les ayudar\u00e1n a desempe\u00f1arse satisfactoriamente en entornos de negocios internacionales de habla inglesa. [learn_more caption=&#8221;BEC Preliminary&#8221;] Cambridge English: Business Preliminary, tambi\u00e9n conocido como Business English Certificate (BEC) Preliminary, es el primero de estos tres certificados. Se trata de un examen de&hellip;\" \/>\n<meta property=\"og:url\" content=\"https:\/\/essarp.org.ar\/es\/examenes-internacionales\/bec\/\" \/>\n<meta property=\"og:site_name\" content=\"ESSARP\" \/>\n<meta property=\"article:modified_time\" content=\"2022-11-06T14:47:20+00:00\" \/>\n<meta name=\"twitter:card\" content=\"summary_large_image\" \/>\n<meta name=\"twitter:label1\" content=\"Tiempo de lectura\" \/>\n\t<meta name=\"twitter:data1\" content=\"1 minuto\" \/>\n<script type=\"application\/ld+json\" class=\"yoast-schema-graph\">{\"@context\":\"https:\\\/\\\/schema.org\",\"@graph\":[{\"@type\":\"WebPage\",\"@id\":\"https:\\\/\\\/essarp.org.ar\\\/es\\\/examenes-internacionales\\\/bec\\\/\",\"url\":\"https:\\\/\\\/essarp.org.ar\\\/es\\\/examenes-internacionales\\\/bec\\\/\",\"name\":\"Business English Certificates - ESSARP\",\"isPartOf\":{\"@id\":\"https:\\\/\\\/essarp.org.ar\\\/es\\\/#website\"},\"datePublished\":\"2014-04-28T14:16:51+00:00\",\"dateModified\":\"2022-11-06T14:47:20+00:00\",\"breadcrumb\":{\"@id\":\"https:\\\/\\\/essarp.org.ar\\\/es\\\/examenes-internacionales\\\/bec\\\/#breadcrumb\"},\"inLanguage\":\"es-AR\",\"potentialAction\":[{\"@type\":\"ReadAction\",\"target\":[\"https:\\\/\\\/essarp.org.ar\\\/es\\\/examenes-internacionales\\\/bec\\\/\"]}]},{\"@type\":\"BreadcrumbList\",\"@id\":\"https:\\\/\\\/essarp.org.ar\\\/es\\\/examenes-internacionales\\\/bec\\\/#breadcrumb\",\"itemListElement\":[{\"@type\":\"ListItem\",\"position\":1,\"name\":\"Ex\u00e1menes Internacionales\",\"item\":\"https:\\\/\\\/essarp.org.ar\\\/es\\\/examenes-internacionales\\\/\"},{\"@type\":\"ListItem\",\"position\":2,\"name\":\"Business English Certificates\"}]},{\"@type\":\"WebSite\",\"@id\":\"https:\\\/\\\/essarp.org.ar\\\/es\\\/#website\",\"url\":\"https:\\\/\\\/essarp.org.ar\\\/es\\\/\",\"name\":\"ESSARP\",\"description\":\"\",\"potentialAction\":[{\"@type\":\"SearchAction\",\"target\":{\"@type\":\"EntryPoint\",\"urlTemplate\":\"https:\\\/\\\/essarp.org.ar\\\/es\\\/?s={search_term_string}\"},\"query-input\":{\"@type\":\"PropertyValueSpecification\",\"valueRequired\":true,\"valueName\":\"search_term_string\"}}],\"inLanguage\":\"es-AR\"}]}<\/script>\n<!-- \/ Yoast SEO plugin. -->","yoast_head_json":{"title":"Business English Certificates - ESSARP","robots":{"index":"index","follow":"follow","max-snippet":"max-snippet:-1","max-image-preview":"max-image-preview:large","max-video-preview":"max-video-preview:-1"},"canonical":"https:\/\/essarp.org.ar\/es\/examenes-internacionales\/bec\/","og_locale":"es_ES","og_type":"article","og_title":"Business English Certificates - ESSARP","og_description":"Cambridge English: Business Certificates\u00a0est\u00e1n dise\u00f1ados para proporcionar a los estudiantes las destrezas pr\u00e1cticas que les ayudar\u00e1n a desempe\u00f1arse satisfactoriamente en entornos de negocios internacionales de habla inglesa. [learn_more caption=&#8221;BEC Preliminary&#8221;] Cambridge English: Business Preliminary, tambi\u00e9n conocido como Business English Certificate (BEC) Preliminary, es el primero de estos tres certificados. Se trata de un examen de&hellip;","og_url":"https:\/\/essarp.org.ar\/es\/examenes-internacionales\/bec\/","og_site_name":"ESSARP","article_modified_time":"2022-11-06T14:47:20+00:00","twitter_card":"summary_large_image","twitter_misc":{"Tiempo de lectura":"1 minuto"},"schema":{"@context":"https:\/\/schema.org","@graph":[{"@type":"WebPage","@id":"https:\/\/essarp.org.ar\/es\/examenes-internacionales\/bec\/","url":"https:\/\/essarp.org.ar\/es\/examenes-internacionales\/bec\/","name":"Business English Certificates - ESSARP","isPartOf":{"@id":"https:\/\/essarp.org.ar\/es\/#website"},"datePublished":"2014-04-28T14:16:51+00:00","dateModified":"2022-11-06T14:47:20+00:00","breadcrumb":{"@id":"https:\/\/essarp.org.ar\/es\/examenes-internacionales\/bec\/#breadcrumb"},"inLanguage":"es-AR","potentialAction":[{"@type":"ReadAction","target":["https:\/\/essarp.org.ar\/es\/examenes-internacionales\/bec\/"]}]},{"@type":"BreadcrumbList","@id":"https:\/\/essarp.org.ar\/es\/examenes-internacionales\/bec\/#breadcrumb","itemListElement":[{"@type":"ListItem","position":1,"name":"Ex\u00e1menes Internacionales","item":"https:\/\/essarp.org.ar\/es\/examenes-internacionales\/"},{"@type":"ListItem","position":2,"name":"Business English Certificates"}]},{"@type":"WebSite","@id":"https:\/\/essarp.org.ar\/es\/#website","url":"https:\/\/essarp.org.ar\/es\/","name":"ESSARP","description":"","potentialAction":[{"@type":"SearchAction","target":{"@type":"EntryPoint","urlTemplate":"https:\/\/essarp.org.ar\/es\/?s={search_term_string}"},"query-input":{"@type":"PropertyValueSpecification","valueRequired":true,"valueName":"search_term_string"}}],"inLanguage":"es-AR"}]}},"_links":{"self":[{"href":"https:\/\/essarp.org.ar\/es\/wp-json\/wp\/v2\/pages\/2087","targetHints":{"allow":["GET"]}}],"collection":[{"href":"https:\/\/essarp.org.ar\/es\/wp-json\/wp\/v2\/pages"}],"about":[{"href":"https:\/\/essarp.org.ar\/es\/wp-json\/wp\/v2\/types\/page"}],"author":[{"embeddable":true,"href":"https:\/\/essarp.org.ar\/es\/wp-json\/wp\/v2\/users\/1"}],"replies":[{"embeddable":true,"href":"https:\/\/essarp.org.ar\/es\/wp-json\/wp\/v2\/comments?post=2087"}],"version-history":[{"count":1,"href":"https:\/\/essarp.org.ar\/es\/wp-json\/wp\/v2\/pages\/2087\/revisions"}],"predecessor-version":[{"id":20180,"href":"https:\/\/essarp.org.ar\/es\/wp-json\/wp\/v2\/pages\/2087\/revisions\/20180"}],"up":[{"embeddable":true,"href":"https:\/\/essarp.org.ar\/es\/wp-json\/wp\/v2\/pages\/19502"}],"wp:attachment":[{"href":"https:\/\/essarp.org.ar\/es\/wp-json\/wp\/v2\/media?parent=2087"}],"curies":[{"name":"wp","href":"https:\/\/api.w.org\/{rel}","templated":true}]}}