{"id":19504,"date":"2014-04-28T11:19:02","date_gmt":"2014-04-28T14:19:02","guid":{"rendered":"http:\/\/beta.essarp.org.ar\/?page_id=2098"},"modified":"2022-11-06T11:47:24","modified_gmt":"2022-11-06T14:47:24","slug":"young-learners-yle","status":"publish","type":"page","link":"https:\/\/essarp.org.ar\/es\/examenes-internacionales\/young-learners-yle\/","title":{"rendered":"Young Learners (YLE)"},"content":{"rendered":"<p style=\"text-align: justify;\"><strong>Cambridge English: Young Learners<\/strong>, tambi\u00e9n conocido como\u00a0<strong><em>Cambridge Young Learners English (YLE)<\/em>,<\/strong> es una serie de\u00a0<strong>ex\u00e1menes divertidos y motivadores<\/strong>, dirigidos a ni\u00f1os que cursan la ense\u00f1anza primaria. Cambridge English ofrece tres ex\u00e1menes basados en actividades que proporcionan a los ni\u00f1os una v\u00eda bien definida para mejorar su ingl\u00e9s.<\/p>\n<p style=\"text-align: justify;\">[learn_more caption=&#8221;Starters&#8221;] <strong>Cambridge English: Starters<\/strong> es el primero de los tres ex\u00e1menes de Cambridge English: Young Learners dirigidos a ni\u00f1os que cursan la ense\u00f1anza primaria.[\/learn_more] [learn_more caption=&#8221;Movers&#8221;] <strong>Cambridge English: Movers<\/strong> es el segundo de los tres ex\u00e1menes de Cambridge English: Young Learners dirigidos a ni\u00f1os que cursan la ense\u00f1anza primaria.[\/learn_more] [learn_more caption=&#8221;Flyers&#8221;]<strong> Cambridge English: Flyers<\/strong> es la prueba de nivel superior de estos tres ex\u00e1menes divertidos y motivadores Cambridge English: Young Learners, dirigidos a ni\u00f1os que cursan la educaci\u00f3n primaria[\/learn_more]<\/p>\n<p><strong><span style=\"text-decoration: underline;\"><a href=\"https:\/\/essarp.org.ar\/wp-content\/uploads\/2014\/04\/Starters-Informacion-para-candidatos.pdf\"><span style=\"text-decoration: underline;\">Starters<\/span><\/a><\/span><span style=\"text-decoration: underline;\">\u00a0<\/span><\/strong><span style=\"text-decoration: underline;\"><a href=\"https:\/\/essarp.org.ar\/wp-content\/uploads\/2014\/04\/Starters-Informacion-para-candidatos.pdf\"><span style=\"text-decoration: underline;\">(Informaci\u00f3n para candida<span style=\"color: #008000; text-decoration: underline;\">to<span style=\"text-decoration: underline;\">s<\/span><\/span><\/span><\/a><span style=\"color: #008000; text-decoration: underline;\">)<\/span><\/span><\/p>\n<p><strong><span style=\"text-decoration: underline;\"><a href=\"https:\/\/essarp.org.ar\/wp-content\/uploads\/2014\/04\/Movers-Informacion-para-Candidatos.pdf\"><span style=\"text-decoration: underline;\">Movers<\/span><\/a><\/span><\/strong><span style=\"text-decoration: underline;\"><span style=\"text-decoration: underline;\"><a href=\"https:\/\/essarp.org.ar\/wp-content\/uploads\/2014\/04\/Movers-Informacion-para-Candidatos.pdf\"><span style=\"text-decoration: underline;\"> (Informaci\u00f3n para Candida<span style=\"color: #008000; text-decoration: underline;\">tos<\/span><\/span><\/a><span style=\"color: #008000; text-decoration: underline;\">)<\/span><\/span><\/span><\/p>\n<p><strong><span style=\"text-decoration: underline;\"><a href=\"https:\/\/essarp.org.ar\/wp-content\/uploads\/2014\/04\/Flyers-Informacion-para-Candidatos.pdf\"><span style=\"text-decoration: underline;\">Flyers<\/span><\/a><\/span><span style=\"text-decoration: underline;\"><span style=\"text-decoration: underline;\">\u00a0<\/span><\/span><\/strong><span style=\"text-decoration: underline;\"><span style=\"text-decoration: underline;\"><a href=\"https:\/\/essarp.org.ar\/wp-content\/uploads\/2014\/04\/Flyers-Informacion-para-Candidatos.pdf\">(Informaci\u00f3n para Candidato<span style=\"color: #008000; text-decoration: underline;\">s<\/span><\/a><span style=\"color: #008000; text-decoration: underline;\">)<\/span><\/span><\/span><\/p>\n","protected":false},"excerpt":{"rendered":"<p>Cambridge English: Young Learners, tambi\u00e9n conocido como\u00a0Cambridge Young Learners English (YLE), es una serie de\u00a0ex\u00e1menes divertidos y motivadores, dirigidos a ni\u00f1os que cursan la ense\u00f1anza primaria. Cambridge English ofrece tres ex\u00e1menes basados en actividades que proporcionan a los ni\u00f1os una v\u00eda bien definida para mejorar su ingl\u00e9s. [learn_more caption=&#8221;Starters&#8221;] Cambridge English: Starters es el primero&hellip;<\/p>\n","protected":false},"author":1,"featured_media":0,"parent":19502,"menu_order":0,"comment_status":"closed","ping_status":"closed","template":"","meta":{"_monsterinsights_skip_tracking":false,"_monsterinsights_sitenote_active":false,"_monsterinsights_sitenote_note":"","_monsterinsights_sitenote_category":0,"footnotes":"","_links_to":"","_links_to_target":""},"class_list":["post-19504","page","type-page","status-publish","hentry","description-off"],"yoast_head":"<!-- This site is optimized with the Yoast SEO plugin v27.3 - https:\/\/yoast.com\/product\/yoast-seo-wordpress\/ -->\n<title>Young Learners (YLE) - ESSARP<\/title>\n<meta name=\"robots\" content=\"index, follow, max-snippet:-1, max-image-preview:large, max-video-preview:-1\" \/>\n<link rel=\"canonical\" href=\"https:\/\/essarp.org.ar\/es\/examenes-internacionales\/young-learners-yle\/\" \/>\n<meta property=\"og:locale\" content=\"es_ES\" \/>\n<meta property=\"og:type\" content=\"article\" \/>\n<meta property=\"og:title\" content=\"Young Learners (YLE) - ESSARP\" \/>\n<meta property=\"og:description\" content=\"Cambridge English: Young Learners, tambi\u00e9n conocido como\u00a0Cambridge Young Learners English (YLE), es una serie de\u00a0ex\u00e1menes divertidos y motivadores, dirigidos a ni\u00f1os que cursan la ense\u00f1anza primaria. Cambridge English ofrece tres ex\u00e1menes basados en actividades que proporcionan a los ni\u00f1os una v\u00eda bien definida para mejorar su ingl\u00e9s. [learn_more caption=&#8221;Starters&#8221;] Cambridge English: Starters es el primero&hellip;\" \/>\n<meta property=\"og:url\" content=\"https:\/\/essarp.org.ar\/es\/examenes-internacionales\/young-learners-yle\/\" \/>\n<meta property=\"og:site_name\" content=\"ESSARP\" \/>\n<meta property=\"article:modified_time\" content=\"2022-11-06T14:47:24+00:00\" \/>\n<meta name=\"twitter:card\" content=\"summary_large_image\" \/>\n<meta name=\"twitter:label1\" content=\"Tiempo de lectura\" \/>\n\t<meta name=\"twitter:data1\" content=\"1 minuto\" \/>\n<script type=\"application\/ld+json\" class=\"yoast-schema-graph\">{\"@context\":\"https:\\\/\\\/schema.org\",\"@graph\":[{\"@type\":\"WebPage\",\"@id\":\"https:\\\/\\\/essarp.org.ar\\\/es\\\/examenes-internacionales\\\/young-learners-yle\\\/\",\"url\":\"https:\\\/\\\/essarp.org.ar\\\/es\\\/examenes-internacionales\\\/young-learners-yle\\\/\",\"name\":\"Young Learners (YLE) - ESSARP\",\"isPartOf\":{\"@id\":\"https:\\\/\\\/essarp.org.ar\\\/es\\\/#website\"},\"datePublished\":\"2014-04-28T14:19:02+00:00\",\"dateModified\":\"2022-11-06T14:47:24+00:00\",\"breadcrumb\":{\"@id\":\"https:\\\/\\\/essarp.org.ar\\\/es\\\/examenes-internacionales\\\/young-learners-yle\\\/#breadcrumb\"},\"inLanguage\":\"es-AR\",\"potentialAction\":[{\"@type\":\"ReadAction\",\"target\":[\"https:\\\/\\\/essarp.org.ar\\\/es\\\/examenes-internacionales\\\/young-learners-yle\\\/\"]}]},{\"@type\":\"BreadcrumbList\",\"@id\":\"https:\\\/\\\/essarp.org.ar\\\/es\\\/examenes-internacionales\\\/young-learners-yle\\\/#breadcrumb\",\"itemListElement\":[{\"@type\":\"ListItem\",\"position\":1,\"name\":\"Ex\u00e1menes Internacionales\",\"item\":\"https:\\\/\\\/essarp.org.ar\\\/es\\\/examenes-internacionales\\\/\"},{\"@type\":\"ListItem\",\"position\":2,\"name\":\"Young Learners (YLE)\"}]},{\"@type\":\"WebSite\",\"@id\":\"https:\\\/\\\/essarp.org.ar\\\/es\\\/#website\",\"url\":\"https:\\\/\\\/essarp.org.ar\\\/es\\\/\",\"name\":\"ESSARP\",\"description\":\"\",\"potentialAction\":[{\"@type\":\"SearchAction\",\"target\":{\"@type\":\"EntryPoint\",\"urlTemplate\":\"https:\\\/\\\/essarp.org.ar\\\/es\\\/?s={search_term_string}\"},\"query-input\":{\"@type\":\"PropertyValueSpecification\",\"valueRequired\":true,\"valueName\":\"search_term_string\"}}],\"inLanguage\":\"es-AR\"}]}<\/script>\n<!-- \/ Yoast SEO plugin. -->","yoast_head_json":{"title":"Young Learners (YLE) - ESSARP","robots":{"index":"index","follow":"follow","max-snippet":"max-snippet:-1","max-image-preview":"max-image-preview:large","max-video-preview":"max-video-preview:-1"},"canonical":"https:\/\/essarp.org.ar\/es\/examenes-internacionales\/young-learners-yle\/","og_locale":"es_ES","og_type":"article","og_title":"Young Learners (YLE) - ESSARP","og_description":"Cambridge English: Young Learners, tambi\u00e9n conocido como\u00a0Cambridge Young Learners English (YLE), es una serie de\u00a0ex\u00e1menes divertidos y motivadores, dirigidos a ni\u00f1os que cursan la ense\u00f1anza primaria. Cambridge English ofrece tres ex\u00e1menes basados en actividades que proporcionan a los ni\u00f1os una v\u00eda bien definida para mejorar su ingl\u00e9s. [learn_more caption=&#8221;Starters&#8221;] Cambridge English: Starters es el primero&hellip;","og_url":"https:\/\/essarp.org.ar\/es\/examenes-internacionales\/young-learners-yle\/","og_site_name":"ESSARP","article_modified_time":"2022-11-06T14:47:24+00:00","twitter_card":"summary_large_image","twitter_misc":{"Tiempo de lectura":"1 minuto"},"schema":{"@context":"https:\/\/schema.org","@graph":[{"@type":"WebPage","@id":"https:\/\/essarp.org.ar\/es\/examenes-internacionales\/young-learners-yle\/","url":"https:\/\/essarp.org.ar\/es\/examenes-internacionales\/young-learners-yle\/","name":"Young Learners (YLE) - ESSARP","isPartOf":{"@id":"https:\/\/essarp.org.ar\/es\/#website"},"datePublished":"2014-04-28T14:19:02+00:00","dateModified":"2022-11-06T14:47:24+00:00","breadcrumb":{"@id":"https:\/\/essarp.org.ar\/es\/examenes-internacionales\/young-learners-yle\/#breadcrumb"},"inLanguage":"es-AR","potentialAction":[{"@type":"ReadAction","target":["https:\/\/essarp.org.ar\/es\/examenes-internacionales\/young-learners-yle\/"]}]},{"@type":"BreadcrumbList","@id":"https:\/\/essarp.org.ar\/es\/examenes-internacionales\/young-learners-yle\/#breadcrumb","itemListElement":[{"@type":"ListItem","position":1,"name":"Ex\u00e1menes Internacionales","item":"https:\/\/essarp.org.ar\/es\/examenes-internacionales\/"},{"@type":"ListItem","position":2,"name":"Young Learners (YLE)"}]},{"@type":"WebSite","@id":"https:\/\/essarp.org.ar\/es\/#website","url":"https:\/\/essarp.org.ar\/es\/","name":"ESSARP","description":"","potentialAction":[{"@type":"SearchAction","target":{"@type":"EntryPoint","urlTemplate":"https:\/\/essarp.org.ar\/es\/?s={search_term_string}"},"query-input":{"@type":"PropertyValueSpecification","valueRequired":true,"valueName":"search_term_string"}}],"inLanguage":"es-AR"}]}},"_links":{"self":[{"href":"https:\/\/essarp.org.ar\/es\/wp-json\/wp\/v2\/pages\/19504","targetHints":{"allow":["GET"]}}],"collection":[{"href":"https:\/\/essarp.org.ar\/es\/wp-json\/wp\/v2\/pages"}],"about":[{"href":"https:\/\/essarp.org.ar\/es\/wp-json\/wp\/v2\/types\/page"}],"author":[{"embeddable":true,"href":"https:\/\/essarp.org.ar\/es\/wp-json\/wp\/v2\/users\/1"}],"replies":[{"embeddable":true,"href":"https:\/\/essarp.org.ar\/es\/wp-json\/wp\/v2\/comments?post=19504"}],"version-history":[{"count":1,"href":"https:\/\/essarp.org.ar\/es\/wp-json\/wp\/v2\/pages\/19504\/revisions"}],"predecessor-version":[{"id":20186,"href":"https:\/\/essarp.org.ar\/es\/wp-json\/wp\/v2\/pages\/19504\/revisions\/20186"}],"up":[{"embeddable":true,"href":"https:\/\/essarp.org.ar\/es\/wp-json\/wp\/v2\/pages\/19502"}],"wp:attachment":[{"href":"https:\/\/essarp.org.ar\/es\/wp-json\/wp\/v2\/media?parent=19504"}],"curies":[{"name":"wp","href":"https:\/\/api.w.org\/{rel}","templated":true}]}}