{"id":19502,"date":"2014-02-20T17:59:27","date_gmt":"2014-02-20T17:59:27","guid":{"rendered":"http:\/\/wordpress.localhost:8080\/examenes-internacionales\/"},"modified":"2022-11-06T11:47:18","modified_gmt":"2022-11-06T14:47:18","slug":"examenes-internacionales","status":"publish","type":"page","link":"https:\/\/essarp.org.ar\/es\/examenes-internacionales\/","title":{"rendered":"Ex\u00e1menes Internacionales"},"content":{"rendered":"<p><a href=\"http:\/\/www.cambridgeassessment.org.uk\/\" target=\"_blank\" rel=\"noopener\">Cambridge Assessment<\/a>\u00a0es un departamento de la c\u00e9lebre Universidad de Cambridge dedicado a ex\u00e1menes para colegios e institutos de ense\u00f1anza del idioma ingl\u00e9s. Desde 1863, este Departamento ofrece ex\u00e1menes internacionales de excelente calidad inspirados en los avances contempor\u00e1neos en las diferentes \u00e1reas de estudio y en m\u00e9todos y Sistemas de Evaluaci\u00f3n.<\/p>\n<p>Hoy, Cambridge Assessments lidera mundialmente esta especialidad y coopera con instituciones educativas en m\u00e1s de ciento cincuenta pa\u00edses.<\/p>\n<p>Este Departamento tambi\u00e9n brinda asesoramiento sobre programas de estudio y Sistemas de Evaluaci\u00f3n a instituciones educativas de todo el mundo.<\/p>\n<p>La experiencia de Cambridge Assessments en la administraci\u00f3n de ex\u00e1menes de reconocimiento internacional les ha permitido desarrollar sofisticados procedimientos que garantizan la calidad de sus programas y ex\u00e1menes, como as\u00ed tambi\u00e9n la validez y confiabilidad de los resultados que obtienen los estudiantes.<\/p>\n<p>Los ex\u00e1menes son puestos a prueba por docentes y especialistas en varias etapas de riguroso an\u00e1lisis, a fin de garantizar que sean igualmente accesibles y justos para todos los estudiantes, independientemente del lugar del mundo donde realicen sus estudios.<\/p>\n<p>La Evaluaci\u00f3n del desempe\u00f1o de los estudiantes es objeto de especial atenci\u00f3n. Los examinadores, que residen en el Reino Unido, se re\u00fanen asiduamente para analizar los resultados obtenidos y supervisar el proceso de calificaci\u00f3n, asegur\u00e1ndose as\u00ed que los estudiantes sean adecuadamente evaluados.<\/p>\n<p>Las investigaciones realizadas por Cambridge Assessments dan lugar a la presentaci\u00f3n de nuevos ex\u00e1menes y servicios educativos. De este modo se pueden satisfacer las constantes demandas de Evaluaci\u00f3n del mundo moderno.<\/p>\n<p>&nbsp;<\/p>\n","protected":false},"excerpt":{"rendered":"<p>Cambridge Assessment\u00a0es un departamento de la c\u00e9lebre Universidad de Cambridge dedicado a ex\u00e1menes para colegios e institutos de ense\u00f1anza del idioma ingl\u00e9s. Desde 1863, este Departamento ofrece ex\u00e1menes internacionales de excelente calidad inspirados en los avances contempor\u00e1neos en las diferentes \u00e1reas de estudio y en m\u00e9todos y Sistemas de Evaluaci\u00f3n. Hoy, Cambridge Assessments lidera mundialmente&hellip;<\/p>\n","protected":false},"author":1,"featured_media":0,"parent":0,"menu_order":0,"comment_status":"closed","ping_status":"closed","template":"","meta":{"_monsterinsights_skip_tracking":false,"_monsterinsights_sitenote_active":false,"_monsterinsights_sitenote_note":"","_monsterinsights_sitenote_category":0,"footnotes":"","_links_to":"","_links_to_target":""},"class_list":["post-19502","page","type-page","status-publish","hentry","description-off"],"yoast_head":"<!-- This site is optimized with the Yoast SEO plugin v27.3 - https:\/\/yoast.com\/product\/yoast-seo-wordpress\/ -->\n<title>Ex\u00e1menes Internacionales - ESSARP<\/title>\n<meta name=\"robots\" content=\"index, follow, max-snippet:-1, max-image-preview:large, max-video-preview:-1\" \/>\n<link rel=\"canonical\" href=\"https:\/\/essarp.org.ar\/es\/examenes-internacionales\/\" \/>\n<meta property=\"og:locale\" content=\"es_ES\" \/>\n<meta property=\"og:type\" content=\"article\" \/>\n<meta property=\"og:title\" content=\"Ex\u00e1menes Internacionales - ESSARP\" \/>\n<meta property=\"og:description\" content=\"Cambridge Assessment\u00a0es un departamento de la c\u00e9lebre Universidad de Cambridge dedicado a ex\u00e1menes para colegios e institutos de ense\u00f1anza del idioma ingl\u00e9s. Desde 1863, este Departamento ofrece ex\u00e1menes internacionales de excelente calidad inspirados en los avances contempor\u00e1neos en las diferentes \u00e1reas de estudio y en m\u00e9todos y Sistemas de Evaluaci\u00f3n. Hoy, Cambridge Assessments lidera mundialmente&hellip;\" \/>\n<meta property=\"og:url\" content=\"https:\/\/essarp.org.ar\/es\/examenes-internacionales\/\" \/>\n<meta property=\"og:site_name\" content=\"ESSARP\" \/>\n<meta property=\"article:modified_time\" content=\"2022-11-06T14:47:18+00:00\" \/>\n<meta name=\"twitter:card\" content=\"summary_large_image\" \/>\n<meta name=\"twitter:label1\" content=\"Tiempo de lectura\" \/>\n\t<meta name=\"twitter:data1\" content=\"1 minuto\" \/>\n<script type=\"application\/ld+json\" class=\"yoast-schema-graph\">{\"@context\":\"https:\\\/\\\/schema.org\",\"@graph\":[{\"@type\":\"WebPage\",\"@id\":\"https:\\\/\\\/essarp.org.ar\\\/es\\\/examenes-internacionales\\\/\",\"url\":\"https:\\\/\\\/essarp.org.ar\\\/es\\\/examenes-internacionales\\\/\",\"name\":\"Ex\u00e1menes Internacionales - ESSARP\",\"isPartOf\":{\"@id\":\"https:\\\/\\\/essarp.org.ar\\\/es\\\/#website\"},\"datePublished\":\"2014-02-20T17:59:27+00:00\",\"dateModified\":\"2022-11-06T14:47:18+00:00\",\"inLanguage\":\"es-AR\",\"potentialAction\":[{\"@type\":\"ReadAction\",\"target\":[\"https:\\\/\\\/essarp.org.ar\\\/es\\\/examenes-internacionales\\\/\"]}]},{\"@type\":\"WebSite\",\"@id\":\"https:\\\/\\\/essarp.org.ar\\\/es\\\/#website\",\"url\":\"https:\\\/\\\/essarp.org.ar\\\/es\\\/\",\"name\":\"ESSARP\",\"description\":\"\",\"potentialAction\":[{\"@type\":\"SearchAction\",\"target\":{\"@type\":\"EntryPoint\",\"urlTemplate\":\"https:\\\/\\\/essarp.org.ar\\\/es\\\/?s={search_term_string}\"},\"query-input\":{\"@type\":\"PropertyValueSpecification\",\"valueRequired\":true,\"valueName\":\"search_term_string\"}}],\"inLanguage\":\"es-AR\"}]}<\/script>\n<!-- \/ Yoast SEO plugin. -->","yoast_head_json":{"title":"Ex\u00e1menes Internacionales - ESSARP","robots":{"index":"index","follow":"follow","max-snippet":"max-snippet:-1","max-image-preview":"max-image-preview:large","max-video-preview":"max-video-preview:-1"},"canonical":"https:\/\/essarp.org.ar\/es\/examenes-internacionales\/","og_locale":"es_ES","og_type":"article","og_title":"Ex\u00e1menes Internacionales - ESSARP","og_description":"Cambridge Assessment\u00a0es un departamento de la c\u00e9lebre Universidad de Cambridge dedicado a ex\u00e1menes para colegios e institutos de ense\u00f1anza del idioma ingl\u00e9s. Desde 1863, este Departamento ofrece ex\u00e1menes internacionales de excelente calidad inspirados en los avances contempor\u00e1neos en las diferentes \u00e1reas de estudio y en m\u00e9todos y Sistemas de Evaluaci\u00f3n. Hoy, Cambridge Assessments lidera mundialmente&hellip;","og_url":"https:\/\/essarp.org.ar\/es\/examenes-internacionales\/","og_site_name":"ESSARP","article_modified_time":"2022-11-06T14:47:18+00:00","twitter_card":"summary_large_image","twitter_misc":{"Tiempo de lectura":"1 minuto"},"schema":{"@context":"https:\/\/schema.org","@graph":[{"@type":"WebPage","@id":"https:\/\/essarp.org.ar\/es\/examenes-internacionales\/","url":"https:\/\/essarp.org.ar\/es\/examenes-internacionales\/","name":"Ex\u00e1menes Internacionales - ESSARP","isPartOf":{"@id":"https:\/\/essarp.org.ar\/es\/#website"},"datePublished":"2014-02-20T17:59:27+00:00","dateModified":"2022-11-06T14:47:18+00:00","inLanguage":"es-AR","potentialAction":[{"@type":"ReadAction","target":["https:\/\/essarp.org.ar\/es\/examenes-internacionales\/"]}]},{"@type":"WebSite","@id":"https:\/\/essarp.org.ar\/es\/#website","url":"https:\/\/essarp.org.ar\/es\/","name":"ESSARP","description":"","potentialAction":[{"@type":"SearchAction","target":{"@type":"EntryPoint","urlTemplate":"https:\/\/essarp.org.ar\/es\/?s={search_term_string}"},"query-input":{"@type":"PropertyValueSpecification","valueRequired":true,"valueName":"search_term_string"}}],"inLanguage":"es-AR"}]}},"_links":{"self":[{"href":"https:\/\/essarp.org.ar\/es\/wp-json\/wp\/v2\/pages\/19502","targetHints":{"allow":["GET"]}}],"collection":[{"href":"https:\/\/essarp.org.ar\/es\/wp-json\/wp\/v2\/pages"}],"about":[{"href":"https:\/\/essarp.org.ar\/es\/wp-json\/wp\/v2\/types\/page"}],"author":[{"embeddable":true,"href":"https:\/\/essarp.org.ar\/es\/wp-json\/wp\/v2\/users\/1"}],"replies":[{"embeddable":true,"href":"https:\/\/essarp.org.ar\/es\/wp-json\/wp\/v2\/comments?post=19502"}],"version-history":[{"count":2,"href":"https:\/\/essarp.org.ar\/es\/wp-json\/wp\/v2\/pages\/19502\/revisions"}],"predecessor-version":[{"id":20177,"href":"https:\/\/essarp.org.ar\/es\/wp-json\/wp\/v2\/pages\/19502\/revisions\/20177"}],"wp:attachment":[{"href":"https:\/\/essarp.org.ar\/es\/wp-json\/wp\/v2\/media?parent=19502"}],"curies":[{"name":"wp","href":"https:\/\/api.w.org\/{rel}","templated":true}]}}