{"id":1330,"date":"2014-04-02T13:13:51","date_gmt":"2014-04-02T16:13:51","guid":{"rendered":"http:\/\/beta.essarp.org.ar\/latest-courses-published-2\/"},"modified":"2022-11-06T11:47:31","modified_gmt":"2022-11-06T14:47:31","slug":"latest-courses-published-2","status":"publish","type":"page","link":"https:\/\/essarp.org.ar\/es\/latest-courses-published-2\/","title":{"rendered":"Latest courses published"},"content":{"rendered":"<div class=\"courses-table\">\n[pricing_table] [pricing \u00a0price=&#8221;&#8221; currency=&#8221;&#8221; title=&#8221;Latest courses published&#8221; moretext=&#8221;Search Courses&#8221; url=&#8221;<a href=\"https:\/\/cursos.essarp.org.ar\/cursos.htm\">https:\/\/cursos.essarp.org.ar\/cursos.htm<\/a>&#8221; ] [feature] <a href=\"https:\/\/cursos.essarp.org.ar\/codigo\/2014\/P160\/\">Teaching grammar and vocabulary creatively in the primary classroom<\/a>\u00a0Primary | 1 Session\u00a0[\/feature] [feature] <a href=\"https:\/\/cursos.essarp.org.ar\/codigo\/2014\/PS120\/\">Cine Documental, Transculturalidad y Educaci\u00f3n<\/a>\u00a0Primary \/ Secondary | 1 Session[\/feature] [feature] <a href=\"https:\/\/cursos.essarp.org.ar\/codigo\/2014\/PS120\/\">Las &#8220;emociones&#8221; en la resoluci\u00f3n colaborativa de los conflictos<\/a>\u00a0General | 1 Session\u00a0[\/feature] [feature]<a href=\"https:\/\/cursos.essarp.org.ar\/codigo\/2014\/K162\/\">Criterios para un adecuado sostenimiento emocional del ni\u00f1o peque\u00f1o (0 a 3 a\u00f1os)<\/a>\u00a0Kindergarten | 1 Session\u00a0[\/feature] [feature]<a href=\"https:\/\/cursos.essarp.org.ar\/codigo\/2014\/KP141\/\">Synthetic Phonics Day Part 1<\/a>\u00a0Kindergarten \/ Primary | 1 Session\u00a0[\/feature] [feature]<a href=\"https:\/\/cursos.essarp.org.ar\/codigo\/2014\/G722\/\">Los ex\u00e1menes de Spanish First Language y Spanish Literature pueden prepararse durante todo el trayecto educativo&#8230;<\/a>\u00a0General | 1 Session\u00a0[\/feature] [feature]<a href=\"https:\/\/cursos.essarp.org.ar\/codigo\/2014\/G632\/\">El impacto de las emociones en el aprendizaje desde una mirada neurocient\u00edfica<\/a>\u00a0General | 1 Session\u00a0[\/feature] [feature]<a href=\"https:\/\/cursos.essarp.org.ar\/codigo\/2014\/G726\/\">Cine Documental, Transculturalidad y Educaci\u00f3n<\/a>\u00a0General | 1 Session\u00a0[\/feature] [\/pricing] [\/pricing_table]<\/div>\n","protected":false},"excerpt":{"rendered":"<p>[pricing_table] [pricing \u00a0price=&#8221;&#8221; currency=&#8221;&#8221; title=&#8221;Latest courses published&#8221; moretext=&#8221;Search Courses&#8221; url=&#8221;https:\/\/cursos.essarp.org.ar\/cursos.htm&#8221; ] [feature] Teaching grammar and vocabulary creatively in the primary classroom\u00a0Primary | 1 Session\u00a0[\/feature] [feature] Cine Documental, Transculturalidad y Educaci\u00f3n\u00a0Primary \/ Secondary | 1 Session[\/feature] [feature] Las &#8220;emociones&#8221; en la resoluci\u00f3n colaborativa de los conflictos\u00a0General | 1 Session\u00a0[\/feature] [feature]Criterios para un adecuado sostenimiento emocional del&hellip;<\/p>\n","protected":false},"author":1,"featured_media":0,"parent":0,"menu_order":0,"comment_status":"closed","ping_status":"closed","template":"","meta":{"_monsterinsights_skip_tracking":false,"_monsterinsights_sitenote_active":false,"_monsterinsights_sitenote_note":"","_monsterinsights_sitenote_category":0,"footnotes":"","_links_to":"","_links_to_target":""},"class_list":["post-1330","page","type-page","status-publish","hentry","description-off"],"yoast_head":"<!-- This site is optimized with the Yoast SEO plugin v27.5 - https:\/\/yoast.com\/product\/yoast-seo-wordpress\/ -->\n<title>Latest courses published - ESSARP<\/title>\n<meta name=\"robots\" content=\"index, follow, max-snippet:-1, max-image-preview:large, max-video-preview:-1\" \/>\n<link rel=\"canonical\" href=\"https:\/\/essarp.org.ar\/es\/latest-courses-published-2\/\" \/>\n<meta property=\"og:locale\" content=\"es_ES\" \/>\n<meta property=\"og:type\" content=\"article\" \/>\n<meta property=\"og:title\" content=\"Latest courses published - ESSARP\" \/>\n<meta property=\"og:description\" content=\"[pricing_table] [pricing \u00a0price=&#8221;&#8221; currency=&#8221;&#8221; title=&#8221;Latest courses published&#8221; moretext=&#8221;Search Courses&#8221; url=&#8221;https:\/\/cursos.essarp.org.ar\/cursos.htm&#8221; ] [feature] Teaching grammar and vocabulary creatively in the primary classroom\u00a0Primary | 1 Session\u00a0[\/feature] [feature] Cine Documental, Transculturalidad y Educaci\u00f3n\u00a0Primary \/ Secondary | 1 Session[\/feature] [feature] Las &#8220;emociones&#8221; en la resoluci\u00f3n colaborativa de los conflictos\u00a0General | 1 Session\u00a0[\/feature] [feature]Criterios para un adecuado sostenimiento emocional del&hellip;\" \/>\n<meta property=\"og:url\" content=\"https:\/\/essarp.org.ar\/es\/latest-courses-published-2\/\" \/>\n<meta property=\"og:site_name\" content=\"ESSARP\" \/>\n<meta property=\"article:modified_time\" content=\"2022-11-06T14:47:31+00:00\" \/>\n<meta name=\"twitter:card\" content=\"summary_large_image\" \/>\n<meta name=\"twitter:label1\" content=\"Tiempo de lectura\" \/>\n\t<meta name=\"twitter:data1\" content=\"1 minuto\" \/>\n<script type=\"application\/ld+json\" class=\"yoast-schema-graph\">{\"@context\":\"https:\\\/\\\/schema.org\",\"@graph\":[{\"@type\":\"WebPage\",\"@id\":\"https:\\\/\\\/essarp.org.ar\\\/es\\\/latest-courses-published-2\\\/\",\"url\":\"https:\\\/\\\/essarp.org.ar\\\/es\\\/latest-courses-published-2\\\/\",\"name\":\"Latest courses published - ESSARP\",\"isPartOf\":{\"@id\":\"https:\\\/\\\/essarp.org.ar\\\/es\\\/#website\"},\"datePublished\":\"2014-04-02T16:13:51+00:00\",\"dateModified\":\"2022-11-06T14:47:31+00:00\",\"inLanguage\":\"es-AR\",\"potentialAction\":[{\"@type\":\"ReadAction\",\"target\":[\"https:\\\/\\\/essarp.org.ar\\\/es\\\/latest-courses-published-2\\\/\"]}]},{\"@type\":\"WebSite\",\"@id\":\"https:\\\/\\\/essarp.org.ar\\\/es\\\/#website\",\"url\":\"https:\\\/\\\/essarp.org.ar\\\/es\\\/\",\"name\":\"ESSARP\",\"description\":\"\",\"potentialAction\":[{\"@type\":\"SearchAction\",\"target\":{\"@type\":\"EntryPoint\",\"urlTemplate\":\"https:\\\/\\\/essarp.org.ar\\\/es\\\/?s={search_term_string}\"},\"query-input\":{\"@type\":\"PropertyValueSpecification\",\"valueRequired\":true,\"valueName\":\"search_term_string\"}}],\"inLanguage\":\"es-AR\"}]}<\/script>\n<!-- \/ Yoast SEO plugin. -->","yoast_head_json":{"title":"Latest courses published - ESSARP","robots":{"index":"index","follow":"follow","max-snippet":"max-snippet:-1","max-image-preview":"max-image-preview:large","max-video-preview":"max-video-preview:-1"},"canonical":"https:\/\/essarp.org.ar\/es\/latest-courses-published-2\/","og_locale":"es_ES","og_type":"article","og_title":"Latest courses published - ESSARP","og_description":"[pricing_table] [pricing \u00a0price=&#8221;&#8221; currency=&#8221;&#8221; title=&#8221;Latest courses published&#8221; moretext=&#8221;Search Courses&#8221; url=&#8221;https:\/\/cursos.essarp.org.ar\/cursos.htm&#8221; ] [feature] Teaching grammar and vocabulary creatively in the primary classroom\u00a0Primary | 1 Session\u00a0[\/feature] [feature] Cine Documental, Transculturalidad y Educaci\u00f3n\u00a0Primary \/ Secondary | 1 Session[\/feature] [feature] Las &#8220;emociones&#8221; en la resoluci\u00f3n colaborativa de los conflictos\u00a0General | 1 Session\u00a0[\/feature] [feature]Criterios para un adecuado sostenimiento emocional del&hellip;","og_url":"https:\/\/essarp.org.ar\/es\/latest-courses-published-2\/","og_site_name":"ESSARP","article_modified_time":"2022-11-06T14:47:31+00:00","twitter_card":"summary_large_image","twitter_misc":{"Tiempo de lectura":"1 minuto"},"schema":{"@context":"https:\/\/schema.org","@graph":[{"@type":"WebPage","@id":"https:\/\/essarp.org.ar\/es\/latest-courses-published-2\/","url":"https:\/\/essarp.org.ar\/es\/latest-courses-published-2\/","name":"Latest courses published - ESSARP","isPartOf":{"@id":"https:\/\/essarp.org.ar\/es\/#website"},"datePublished":"2014-04-02T16:13:51+00:00","dateModified":"2022-11-06T14:47:31+00:00","inLanguage":"es-AR","potentialAction":[{"@type":"ReadAction","target":["https:\/\/essarp.org.ar\/es\/latest-courses-published-2\/"]}]},{"@type":"WebSite","@id":"https:\/\/essarp.org.ar\/es\/#website","url":"https:\/\/essarp.org.ar\/es\/","name":"ESSARP","description":"","potentialAction":[{"@type":"SearchAction","target":{"@type":"EntryPoint","urlTemplate":"https:\/\/essarp.org.ar\/es\/?s={search_term_string}"},"query-input":{"@type":"PropertyValueSpecification","valueRequired":true,"valueName":"search_term_string"}}],"inLanguage":"es-AR"}]}},"_links":{"self":[{"href":"https:\/\/essarp.org.ar\/es\/wp-json\/wp\/v2\/pages\/1330","targetHints":{"allow":["GET"]}}],"collection":[{"href":"https:\/\/essarp.org.ar\/es\/wp-json\/wp\/v2\/pages"}],"about":[{"href":"https:\/\/essarp.org.ar\/es\/wp-json\/wp\/v2\/types\/page"}],"author":[{"embeddable":true,"href":"https:\/\/essarp.org.ar\/es\/wp-json\/wp\/v2\/users\/1"}],"replies":[{"embeddable":true,"href":"https:\/\/essarp.org.ar\/es\/wp-json\/wp\/v2\/comments?post=1330"}],"version-history":[{"count":1,"href":"https:\/\/essarp.org.ar\/es\/wp-json\/wp\/v2\/pages\/1330\/revisions"}],"predecessor-version":[{"id":20190,"href":"https:\/\/essarp.org.ar\/es\/wp-json\/wp\/v2\/pages\/1330\/revisions\/20190"}],"wp:attachment":[{"href":"https:\/\/essarp.org.ar\/es\/wp-json\/wp\/v2\/media?parent=1330"}],"curies":[{"name":"wp","href":"https:\/\/api.w.org\/{rel}","templated":true}]}}