{"id":1031,"date":"2014-02-20T19:19:27","date_gmt":"2014-02-20T19:19:27","guid":{"rendered":"http:\/\/wordpress.localhost:8080\/examenes-internacionales\/cie\/reconocimiento\/"},"modified":"2022-11-06T11:47:22","modified_gmt":"2022-11-06T14:47:22","slug":"reconocimiento","status":"publish","type":"page","link":"https:\/\/essarp.org.ar\/es\/examenes-internacionales\/reconocimiento\/","title":{"rendered":"Reconocimiento"},"content":{"rendered":"<p>Los ex\u00e1menes de Cambridge English son aceptados por m\u00e1s de 13.500 universidades, empresas y gobiernos de todo el mundo. ex\u00e1menes pueden dar acceso a la universidad, mejorar las oportunidades laborales y, debido a su reconocimiento global, aumentar las opciones de nuestros alumnos para estudiar o trabajar en un mundo globalizado.<\/p>\n<p><span id=\"result_box\" lang=\"es\"><span class=\"hps\">Para <\/span><span class=\"hps\">m\u00e1s informaci\u00f3n sobre<\/span> <span class=\"hps\">el reconocimiento de los<\/span> <span class=\"hps\">ex\u00e1menes de<\/span> <span class=\"hps\">ingl\u00e9s de Cambridge<\/span>, <span class=\"hps\">por favor<strong><a href=\"http:\/\/www.cambridgeenglish.org\/americadelsur\/recognition\/\" target=\"_blank\" rel=\"noopener\"> click aqu\u00ed<\/a><\/strong><\/span><\/span><\/p>\n","protected":false},"excerpt":{"rendered":"<p>Los ex\u00e1menes de Cambridge English son aceptados por m\u00e1s de 13.500 universidades, empresas y gobiernos de todo el mundo. ex\u00e1menes pueden dar acceso a la universidad, mejorar las oportunidades laborales y, debido a su reconocimiento global, aumentar las opciones de nuestros alumnos para estudiar o trabajar en un mundo globalizado. Para m\u00e1s informaci\u00f3n sobre el&hellip;<\/p>\n","protected":false},"author":1,"featured_media":0,"parent":19502,"menu_order":0,"comment_status":"closed","ping_status":"closed","template":"","meta":{"_monsterinsights_skip_tracking":false,"_monsterinsights_sitenote_active":false,"_monsterinsights_sitenote_note":"","_monsterinsights_sitenote_category":0,"footnotes":"","_links_to":"","_links_to_target":""},"class_list":["post-1031","page","type-page","status-publish","hentry","description-off"],"yoast_head":"<!-- This site is optimized with the Yoast SEO plugin v27.3 - https:\/\/yoast.com\/product\/yoast-seo-wordpress\/ -->\n<title>Reconocimiento - ESSARP<\/title>\n<meta name=\"robots\" content=\"index, follow, max-snippet:-1, max-image-preview:large, max-video-preview:-1\" \/>\n<link rel=\"canonical\" href=\"https:\/\/essarp.org.ar\/es\/examenes-internacionales\/reconocimiento\/\" \/>\n<meta property=\"og:locale\" content=\"es_ES\" \/>\n<meta property=\"og:type\" content=\"article\" \/>\n<meta property=\"og:title\" content=\"Reconocimiento - ESSARP\" \/>\n<meta property=\"og:description\" content=\"Los ex\u00e1menes de Cambridge English son aceptados por m\u00e1s de 13.500 universidades, empresas y gobiernos de todo el mundo. ex\u00e1menes pueden dar acceso a la universidad, mejorar las oportunidades laborales y, debido a su reconocimiento global, aumentar las opciones de nuestros alumnos para estudiar o trabajar en un mundo globalizado. Para m\u00e1s informaci\u00f3n sobre el&hellip;\" \/>\n<meta property=\"og:url\" content=\"https:\/\/essarp.org.ar\/es\/examenes-internacionales\/reconocimiento\/\" \/>\n<meta property=\"og:site_name\" content=\"ESSARP\" \/>\n<meta property=\"article:modified_time\" content=\"2022-11-06T14:47:22+00:00\" \/>\n<meta name=\"twitter:card\" content=\"summary_large_image\" \/>\n<script type=\"application\/ld+json\" class=\"yoast-schema-graph\">{\"@context\":\"https:\\\/\\\/schema.org\",\"@graph\":[{\"@type\":\"WebPage\",\"@id\":\"https:\\\/\\\/essarp.org.ar\\\/es\\\/examenes-internacionales\\\/reconocimiento\\\/\",\"url\":\"https:\\\/\\\/essarp.org.ar\\\/es\\\/examenes-internacionales\\\/reconocimiento\\\/\",\"name\":\"Reconocimiento - ESSARP\",\"isPartOf\":{\"@id\":\"https:\\\/\\\/essarp.org.ar\\\/es\\\/#website\"},\"datePublished\":\"2014-02-20T19:19:27+00:00\",\"dateModified\":\"2022-11-06T14:47:22+00:00\",\"breadcrumb\":{\"@id\":\"https:\\\/\\\/essarp.org.ar\\\/es\\\/examenes-internacionales\\\/reconocimiento\\\/#breadcrumb\"},\"inLanguage\":\"es-AR\",\"potentialAction\":[{\"@type\":\"ReadAction\",\"target\":[\"https:\\\/\\\/essarp.org.ar\\\/es\\\/examenes-internacionales\\\/reconocimiento\\\/\"]}]},{\"@type\":\"BreadcrumbList\",\"@id\":\"https:\\\/\\\/essarp.org.ar\\\/es\\\/examenes-internacionales\\\/reconocimiento\\\/#breadcrumb\",\"itemListElement\":[{\"@type\":\"ListItem\",\"position\":1,\"name\":\"Ex\u00e1menes Internacionales\",\"item\":\"https:\\\/\\\/essarp.org.ar\\\/es\\\/examenes-internacionales\\\/\"},{\"@type\":\"ListItem\",\"position\":2,\"name\":\"Reconocimiento\"}]},{\"@type\":\"WebSite\",\"@id\":\"https:\\\/\\\/essarp.org.ar\\\/es\\\/#website\",\"url\":\"https:\\\/\\\/essarp.org.ar\\\/es\\\/\",\"name\":\"ESSARP\",\"description\":\"\",\"potentialAction\":[{\"@type\":\"SearchAction\",\"target\":{\"@type\":\"EntryPoint\",\"urlTemplate\":\"https:\\\/\\\/essarp.org.ar\\\/es\\\/?s={search_term_string}\"},\"query-input\":{\"@type\":\"PropertyValueSpecification\",\"valueRequired\":true,\"valueName\":\"search_term_string\"}}],\"inLanguage\":\"es-AR\"}]}<\/script>\n<!-- \/ Yoast SEO plugin. -->","yoast_head_json":{"title":"Reconocimiento - ESSARP","robots":{"index":"index","follow":"follow","max-snippet":"max-snippet:-1","max-image-preview":"max-image-preview:large","max-video-preview":"max-video-preview:-1"},"canonical":"https:\/\/essarp.org.ar\/es\/examenes-internacionales\/reconocimiento\/","og_locale":"es_ES","og_type":"article","og_title":"Reconocimiento - ESSARP","og_description":"Los ex\u00e1menes de Cambridge English son aceptados por m\u00e1s de 13.500 universidades, empresas y gobiernos de todo el mundo. ex\u00e1menes pueden dar acceso a la universidad, mejorar las oportunidades laborales y, debido a su reconocimiento global, aumentar las opciones de nuestros alumnos para estudiar o trabajar en un mundo globalizado. Para m\u00e1s informaci\u00f3n sobre el&hellip;","og_url":"https:\/\/essarp.org.ar\/es\/examenes-internacionales\/reconocimiento\/","og_site_name":"ESSARP","article_modified_time":"2022-11-06T14:47:22+00:00","twitter_card":"summary_large_image","schema":{"@context":"https:\/\/schema.org","@graph":[{"@type":"WebPage","@id":"https:\/\/essarp.org.ar\/es\/examenes-internacionales\/reconocimiento\/","url":"https:\/\/essarp.org.ar\/es\/examenes-internacionales\/reconocimiento\/","name":"Reconocimiento - ESSARP","isPartOf":{"@id":"https:\/\/essarp.org.ar\/es\/#website"},"datePublished":"2014-02-20T19:19:27+00:00","dateModified":"2022-11-06T14:47:22+00:00","breadcrumb":{"@id":"https:\/\/essarp.org.ar\/es\/examenes-internacionales\/reconocimiento\/#breadcrumb"},"inLanguage":"es-AR","potentialAction":[{"@type":"ReadAction","target":["https:\/\/essarp.org.ar\/es\/examenes-internacionales\/reconocimiento\/"]}]},{"@type":"BreadcrumbList","@id":"https:\/\/essarp.org.ar\/es\/examenes-internacionales\/reconocimiento\/#breadcrumb","itemListElement":[{"@type":"ListItem","position":1,"name":"Ex\u00e1menes Internacionales","item":"https:\/\/essarp.org.ar\/es\/examenes-internacionales\/"},{"@type":"ListItem","position":2,"name":"Reconocimiento"}]},{"@type":"WebSite","@id":"https:\/\/essarp.org.ar\/es\/#website","url":"https:\/\/essarp.org.ar\/es\/","name":"ESSARP","description":"","potentialAction":[{"@type":"SearchAction","target":{"@type":"EntryPoint","urlTemplate":"https:\/\/essarp.org.ar\/es\/?s={search_term_string}"},"query-input":{"@type":"PropertyValueSpecification","valueRequired":true,"valueName":"search_term_string"}}],"inLanguage":"es-AR"}]}},"_links":{"self":[{"href":"https:\/\/essarp.org.ar\/es\/wp-json\/wp\/v2\/pages\/1031","targetHints":{"allow":["GET"]}}],"collection":[{"href":"https:\/\/essarp.org.ar\/es\/wp-json\/wp\/v2\/pages"}],"about":[{"href":"https:\/\/essarp.org.ar\/es\/wp-json\/wp\/v2\/types\/page"}],"author":[{"embeddable":true,"href":"https:\/\/essarp.org.ar\/es\/wp-json\/wp\/v2\/users\/1"}],"replies":[{"embeddable":true,"href":"https:\/\/essarp.org.ar\/es\/wp-json\/wp\/v2\/comments?post=1031"}],"version-history":[{"count":1,"href":"https:\/\/essarp.org.ar\/es\/wp-json\/wp\/v2\/pages\/1031\/revisions"}],"predecessor-version":[{"id":19773,"href":"https:\/\/essarp.org.ar\/es\/wp-json\/wp\/v2\/pages\/1031\/revisions\/19773"}],"up":[{"embeddable":true,"href":"https:\/\/essarp.org.ar\/es\/wp-json\/wp\/v2\/pages\/19502"}],"wp:attachment":[{"href":"https:\/\/essarp.org.ar\/es\/wp-json\/wp\/v2\/media?parent=1031"}],"curies":[{"name":"wp","href":"https:\/\/api.w.org\/{rel}","templated":true}]}}