{"id":1025,"date":"2014-02-20T19:07:02","date_gmt":"2014-02-20T19:07:02","guid":{"rendered":"http:\/\/wordpress.localhost:8080\/examenes-internacionales\/cie\/acerca-de-cie\/"},"modified":"2022-11-06T11:47:19","modified_gmt":"2022-11-06T14:47:19","slug":"acerca-de-cie","status":"publish","type":"page","link":"https:\/\/essarp.org.ar\/es\/examenes-internacionales\/acerca-de-cie\/","title":{"rendered":"Acerca de CIE"},"content":{"rendered":"<p style=\"text-align: justify;\">El departamento de Ex\u00e1menes Internacionales de la Universidad de Cambridge (CIE) es uno de los proveedores de titulaciones y evaluaciones acad\u00e9micas m\u00e1s importantes del mundo.<\/p>\n<p style=\"text-align: justify;\">CIE ofrece una serie de titulaciones escolares, entre las que se incluyen las certificaciones y t\u00edtulos en IGCSE, O Level, A y AS Level. CIE ofrece adem\u00e1s una gran variedad de t\u00edtulos profesionales, con su grupo de Diplomas Internacionales de Cambridge. Cada a\u00f1o, millones de personas se inscriben en los ex\u00e1menes de CIE en m\u00e1s de 150 pa\u00edses.<\/p>\n<p style=\"text-align: justify;\">Estudiantes de todos los rincones del mundo conocen muy bien las evaluaciones que ofrece CIE. \u00c9stas cubren una enorme variedad de materias y asignaturas: desde ciencias, idiomas y humanidades, hasta Ciencias Empresariales, Tecnolog\u00edas de la Informaci\u00f3n, Inform\u00e1tica y estudios en Turismo. El objetivo de CIE es crear planes de estudio flexibles que puedan adaptarse a la experiencia nacional y de una zona en concreto, que proporcionen cursos interesantes y que ofrezcan una titulaci\u00f3n de gran val\u00eda.<\/p>\n<p>Para visitar el sitio web de CIE [button link=&#8221;http:\/\/www.cie.org.uk\/&#8221; color=&#8221;lightblue&#8221; newwindow=&#8221;yes&#8221;] haga Click aqu\u00ed[\/button]<\/p>\n","protected":false},"excerpt":{"rendered":"<p>El departamento de Ex\u00e1menes Internacionales de la Universidad de Cambridge (CIE) es uno de los proveedores de titulaciones y evaluaciones acad\u00e9micas m\u00e1s importantes del mundo. CIE ofrece una serie de titulaciones escolares, entre las que se incluyen las certificaciones y t\u00edtulos en IGCSE, O Level, A y AS Level. CIE ofrece adem\u00e1s una gran variedad&hellip;<\/p>\n","protected":false},"author":1,"featured_media":1648,"parent":19502,"menu_order":0,"comment_status":"closed","ping_status":"closed","template":"","meta":{"_monsterinsights_skip_tracking":false,"_monsterinsights_sitenote_active":false,"_monsterinsights_sitenote_note":"","_monsterinsights_sitenote_category":0,"footnotes":"","_links_to":"","_links_to_target":""},"class_list":["post-1025","page","type-page","status-publish","has-post-thumbnail","hentry","description-off"],"yoast_head":"<!-- This site is optimized with the Yoast SEO plugin v27.4 - https:\/\/yoast.com\/product\/yoast-seo-wordpress\/ -->\n<title>Acerca de CIE - ESSARP<\/title>\n<meta name=\"robots\" content=\"index, follow, max-snippet:-1, max-image-preview:large, max-video-preview:-1\" \/>\n<link rel=\"canonical\" href=\"https:\/\/essarp.org.ar\/es\/examenes-internacionales\/acerca-de-cie\/\" \/>\n<meta property=\"og:locale\" content=\"es_ES\" \/>\n<meta property=\"og:type\" content=\"article\" \/>\n<meta property=\"og:title\" content=\"Acerca de CIE - ESSARP\" \/>\n<meta property=\"og:description\" content=\"El departamento de Ex\u00e1menes Internacionales de la Universidad de Cambridge (CIE) es uno de los proveedores de titulaciones y evaluaciones acad\u00e9micas m\u00e1s importantes del mundo. CIE ofrece una serie de titulaciones escolares, entre las que se incluyen las certificaciones y t\u00edtulos en IGCSE, O Level, A y AS Level. CIE ofrece adem\u00e1s una gran variedad&hellip;\" \/>\n<meta property=\"og:url\" content=\"https:\/\/essarp.org.ar\/es\/examenes-internacionales\/acerca-de-cie\/\" \/>\n<meta property=\"og:site_name\" content=\"ESSARP\" \/>\n<meta property=\"article:modified_time\" content=\"2022-11-06T14:47:19+00:00\" \/>\n<meta property=\"og:image\" content=\"https:\/\/essarp.org.ar\/wp-content\/uploads\/2014\/01\/Cambridge1-1.jpg\" \/>\n\t<meta property=\"og:image:width\" content=\"1021\" \/>\n\t<meta property=\"og:image:height\" content=\"229\" \/>\n\t<meta property=\"og:image:type\" content=\"image\/jpeg\" \/>\n<meta name=\"twitter:card\" content=\"summary_large_image\" \/>\n<meta name=\"twitter:label1\" content=\"Tiempo de lectura\" \/>\n\t<meta name=\"twitter:data1\" content=\"1 minuto\" \/>\n<script type=\"application\/ld+json\" class=\"yoast-schema-graph\">{\"@context\":\"https:\\\/\\\/schema.org\",\"@graph\":[{\"@type\":\"WebPage\",\"@id\":\"https:\\\/\\\/essarp.org.ar\\\/es\\\/examenes-internacionales\\\/acerca-de-cie\\\/\",\"url\":\"https:\\\/\\\/essarp.org.ar\\\/es\\\/examenes-internacionales\\\/acerca-de-cie\\\/\",\"name\":\"Acerca de CIE - ESSARP\",\"isPartOf\":{\"@id\":\"https:\\\/\\\/essarp.org.ar\\\/es\\\/#website\"},\"primaryImageOfPage\":{\"@id\":\"https:\\\/\\\/essarp.org.ar\\\/es\\\/examenes-internacionales\\\/acerca-de-cie\\\/#primaryimage\"},\"image\":{\"@id\":\"https:\\\/\\\/essarp.org.ar\\\/es\\\/examenes-internacionales\\\/acerca-de-cie\\\/#primaryimage\"},\"thumbnailUrl\":\"https:\\\/\\\/essarp.org.ar\\\/wp-content\\\/uploads\\\/2014\\\/01\\\/Cambridge1-1.jpg\",\"datePublished\":\"2014-02-20T19:07:02+00:00\",\"dateModified\":\"2022-11-06T14:47:19+00:00\",\"breadcrumb\":{\"@id\":\"https:\\\/\\\/essarp.org.ar\\\/es\\\/examenes-internacionales\\\/acerca-de-cie\\\/#breadcrumb\"},\"inLanguage\":\"es-AR\",\"potentialAction\":[{\"@type\":\"ReadAction\",\"target\":[\"https:\\\/\\\/essarp.org.ar\\\/es\\\/examenes-internacionales\\\/acerca-de-cie\\\/\"]}]},{\"@type\":\"ImageObject\",\"inLanguage\":\"es-AR\",\"@id\":\"https:\\\/\\\/essarp.org.ar\\\/es\\\/examenes-internacionales\\\/acerca-de-cie\\\/#primaryimage\",\"url\":\"https:\\\/\\\/essarp.org.ar\\\/wp-content\\\/uploads\\\/2014\\\/01\\\/Cambridge1-1.jpg\",\"contentUrl\":\"https:\\\/\\\/essarp.org.ar\\\/wp-content\\\/uploads\\\/2014\\\/01\\\/Cambridge1-1.jpg\",\"width\":1021,\"height\":229},{\"@type\":\"BreadcrumbList\",\"@id\":\"https:\\\/\\\/essarp.org.ar\\\/es\\\/examenes-internacionales\\\/acerca-de-cie\\\/#breadcrumb\",\"itemListElement\":[{\"@type\":\"ListItem\",\"position\":1,\"name\":\"Ex\u00e1menes Internacionales\",\"item\":\"https:\\\/\\\/essarp.org.ar\\\/es\\\/examenes-internacionales\\\/\"},{\"@type\":\"ListItem\",\"position\":2,\"name\":\"Acerca de CIE\"}]},{\"@type\":\"WebSite\",\"@id\":\"https:\\\/\\\/essarp.org.ar\\\/es\\\/#website\",\"url\":\"https:\\\/\\\/essarp.org.ar\\\/es\\\/\",\"name\":\"ESSARP\",\"description\":\"\",\"potentialAction\":[{\"@type\":\"SearchAction\",\"target\":{\"@type\":\"EntryPoint\",\"urlTemplate\":\"https:\\\/\\\/essarp.org.ar\\\/es\\\/?s={search_term_string}\"},\"query-input\":{\"@type\":\"PropertyValueSpecification\",\"valueRequired\":true,\"valueName\":\"search_term_string\"}}],\"inLanguage\":\"es-AR\"}]}<\/script>\n<!-- \/ Yoast SEO plugin. -->","yoast_head_json":{"title":"Acerca de CIE - ESSARP","robots":{"index":"index","follow":"follow","max-snippet":"max-snippet:-1","max-image-preview":"max-image-preview:large","max-video-preview":"max-video-preview:-1"},"canonical":"https:\/\/essarp.org.ar\/es\/examenes-internacionales\/acerca-de-cie\/","og_locale":"es_ES","og_type":"article","og_title":"Acerca de CIE - ESSARP","og_description":"El departamento de Ex\u00e1menes Internacionales de la Universidad de Cambridge (CIE) es uno de los proveedores de titulaciones y evaluaciones acad\u00e9micas m\u00e1s importantes del mundo. CIE ofrece una serie de titulaciones escolares, entre las que se incluyen las certificaciones y t\u00edtulos en IGCSE, O Level, A y AS Level. CIE ofrece adem\u00e1s una gran variedad&hellip;","og_url":"https:\/\/essarp.org.ar\/es\/examenes-internacionales\/acerca-de-cie\/","og_site_name":"ESSARP","article_modified_time":"2022-11-06T14:47:19+00:00","og_image":[{"width":1021,"height":229,"url":"https:\/\/essarp.org.ar\/wp-content\/uploads\/2014\/01\/Cambridge1-1.jpg","type":"image\/jpeg"}],"twitter_card":"summary_large_image","twitter_misc":{"Tiempo de lectura":"1 minuto"},"schema":{"@context":"https:\/\/schema.org","@graph":[{"@type":"WebPage","@id":"https:\/\/essarp.org.ar\/es\/examenes-internacionales\/acerca-de-cie\/","url":"https:\/\/essarp.org.ar\/es\/examenes-internacionales\/acerca-de-cie\/","name":"Acerca de CIE - ESSARP","isPartOf":{"@id":"https:\/\/essarp.org.ar\/es\/#website"},"primaryImageOfPage":{"@id":"https:\/\/essarp.org.ar\/es\/examenes-internacionales\/acerca-de-cie\/#primaryimage"},"image":{"@id":"https:\/\/essarp.org.ar\/es\/examenes-internacionales\/acerca-de-cie\/#primaryimage"},"thumbnailUrl":"https:\/\/essarp.org.ar\/wp-content\/uploads\/2014\/01\/Cambridge1-1.jpg","datePublished":"2014-02-20T19:07:02+00:00","dateModified":"2022-11-06T14:47:19+00:00","breadcrumb":{"@id":"https:\/\/essarp.org.ar\/es\/examenes-internacionales\/acerca-de-cie\/#breadcrumb"},"inLanguage":"es-AR","potentialAction":[{"@type":"ReadAction","target":["https:\/\/essarp.org.ar\/es\/examenes-internacionales\/acerca-de-cie\/"]}]},{"@type":"ImageObject","inLanguage":"es-AR","@id":"https:\/\/essarp.org.ar\/es\/examenes-internacionales\/acerca-de-cie\/#primaryimage","url":"https:\/\/essarp.org.ar\/wp-content\/uploads\/2014\/01\/Cambridge1-1.jpg","contentUrl":"https:\/\/essarp.org.ar\/wp-content\/uploads\/2014\/01\/Cambridge1-1.jpg","width":1021,"height":229},{"@type":"BreadcrumbList","@id":"https:\/\/essarp.org.ar\/es\/examenes-internacionales\/acerca-de-cie\/#breadcrumb","itemListElement":[{"@type":"ListItem","position":1,"name":"Ex\u00e1menes Internacionales","item":"https:\/\/essarp.org.ar\/es\/examenes-internacionales\/"},{"@type":"ListItem","position":2,"name":"Acerca de CIE"}]},{"@type":"WebSite","@id":"https:\/\/essarp.org.ar\/es\/#website","url":"https:\/\/essarp.org.ar\/es\/","name":"ESSARP","description":"","potentialAction":[{"@type":"SearchAction","target":{"@type":"EntryPoint","urlTemplate":"https:\/\/essarp.org.ar\/es\/?s={search_term_string}"},"query-input":{"@type":"PropertyValueSpecification","valueRequired":true,"valueName":"search_term_string"}}],"inLanguage":"es-AR"}]}},"_links":{"self":[{"href":"https:\/\/essarp.org.ar\/es\/wp-json\/wp\/v2\/pages\/1025","targetHints":{"allow":["GET"]}}],"collection":[{"href":"https:\/\/essarp.org.ar\/es\/wp-json\/wp\/v2\/pages"}],"about":[{"href":"https:\/\/essarp.org.ar\/es\/wp-json\/wp\/v2\/types\/page"}],"author":[{"embeddable":true,"href":"https:\/\/essarp.org.ar\/es\/wp-json\/wp\/v2\/users\/1"}],"replies":[{"embeddable":true,"href":"https:\/\/essarp.org.ar\/es\/wp-json\/wp\/v2\/comments?post=1025"}],"version-history":[{"count":1,"href":"https:\/\/essarp.org.ar\/es\/wp-json\/wp\/v2\/pages\/1025\/revisions"}],"predecessor-version":[{"id":20179,"href":"https:\/\/essarp.org.ar\/es\/wp-json\/wp\/v2\/pages\/1025\/revisions\/20179"}],"up":[{"embeddable":true,"href":"https:\/\/essarp.org.ar\/es\/wp-json\/wp\/v2\/pages\/19502"}],"wp:featuredmedia":[{"embeddable":true,"href":"https:\/\/essarp.org.ar\/es\/wp-json\/wp\/v2\/media\/1648"}],"wp:attachment":[{"href":"https:\/\/essarp.org.ar\/es\/wp-json\/wp\/v2\/media?parent=1025"}],"curies":[{"name":"wp","href":"https:\/\/api.w.org\/{rel}","templated":true}]}}