{"id":10038,"date":"2018-06-11T10:42:06","date_gmt":"2018-06-11T13:42:06","guid":{"rendered":"https:\/\/www.essarp.org.ar\/?page_id=10038&#038;lang=es"},"modified":"2022-11-06T11:47:33","modified_gmt":"2022-11-06T14:47:33","slug":"politicas-de-calidad","status":"publish","type":"page","link":"https:\/\/essarp.org.ar\/es\/politicas-de-calidad\/","title":{"rendered":"Pol\u00edticas de Calidad"},"content":{"rendered":"<h3><strong>Misi\u00f3n<\/strong><\/h3>\n<p>Promover y fomentar el conocimiento de la lengua, la educaci\u00f3n y la cultura inglesa a trav\u00e9s de la interrelaci\u00f3n de los asociados.<\/p>\n<p>&nbsp;<\/p>\n<h3><strong>Visi\u00f3n<\/strong><\/h3>\n<p>Ser un referente de vanguardia en educaci\u00f3n biling\u00fce a nivel nacional, regional e internacional.<\/p>\n<p>&nbsp;<\/p>\n<h3><strong>Pol\u00edtica de Calidad<\/strong><\/h3>\n<p>En total consonancia con nuestra Misi\u00f3n y Visi\u00f3n, en ESSARP definimos la siguiente Pol\u00edtica de Calidad:<\/p>\n<ul>\n<li style=\"list-style-type: none;\">\n<ul>a) Satisfacer y superar las expectativas de nuestros clientes y partes interesadas a trav\u00e9s del cumplimiento de las obligaciones asumidas y el constante agregado de valor en la prestaci\u00f3n del servicio.<\/ul>\n<\/li>\n<\/ul>\n<ul>\n<li style=\"list-style-type: none;\">\n<ul>b) Desarrollar el potencial de nuestros recursos humanos, generando conciencia sobre la calidad y excelencia de su trabajo.<\/ul>\n<\/li>\n<\/ul>\n<ul>\n<li style=\"list-style-type: none;\">\n<ul>c) Orientar la actitud hacia el an\u00e1lisis de los riesgos, la calidad y la mejora continua es un compromiso permanente de todos y cada uno de nosotros.<\/ul>\n<\/li>\n<\/ul>\n<ul>\n<li style=\"list-style-type: none;\">\n<ul>d) Cumplir con las legislaci\u00f3n aplicable a los servicios que presta la organizaci\u00f3n<\/ul>\n<\/li>\n<\/ul>\n<p>&nbsp;<\/p>\n<p>Febrero de 2018<\/p>\n","protected":false},"excerpt":{"rendered":"<p>Misi\u00f3n Promover y fomentar el conocimiento de la lengua, la educaci\u00f3n y la cultura inglesa a trav\u00e9s de la interrelaci\u00f3n de los asociados. &nbsp; Visi\u00f3n Ser un referente de vanguardia en educaci\u00f3n biling\u00fce a nivel nacional, regional e internacional. &nbsp; Pol\u00edtica de Calidad En total consonancia con nuestra Misi\u00f3n y Visi\u00f3n, en ESSARP definimos la&hellip;<\/p>\n","protected":false},"author":1,"featured_media":1648,"parent":0,"menu_order":0,"comment_status":"closed","ping_status":"closed","template":"","meta":{"_monsterinsights_skip_tracking":false,"_monsterinsights_sitenote_active":false,"_monsterinsights_sitenote_note":"","_monsterinsights_sitenote_category":0,"footnotes":"","_links_to":"","_links_to_target":""},"class_list":["post-10038","page","type-page","status-publish","has-post-thumbnail","hentry","description-off"],"yoast_head":"<!-- This site is optimized with the Yoast SEO plugin v27.4 - https:\/\/yoast.com\/product\/yoast-seo-wordpress\/ -->\n<title>Pol\u00edticas de Calidad - ESSARP<\/title>\n<meta name=\"robots\" content=\"index, follow, max-snippet:-1, max-image-preview:large, max-video-preview:-1\" \/>\n<link rel=\"canonical\" href=\"https:\/\/essarp.org.ar\/es\/politicas-de-calidad\/\" \/>\n<meta property=\"og:locale\" content=\"es_ES\" \/>\n<meta property=\"og:type\" content=\"article\" \/>\n<meta property=\"og:title\" content=\"Pol\u00edticas de Calidad - ESSARP\" \/>\n<meta property=\"og:description\" content=\"Misi\u00f3n Promover y fomentar el conocimiento de la lengua, la educaci\u00f3n y la cultura inglesa a trav\u00e9s de la interrelaci\u00f3n de los asociados. &nbsp; Visi\u00f3n Ser un referente de vanguardia en educaci\u00f3n biling\u00fce a nivel nacional, regional e internacional. &nbsp; Pol\u00edtica de Calidad En total consonancia con nuestra Misi\u00f3n y Visi\u00f3n, en ESSARP definimos la&hellip;\" \/>\n<meta property=\"og:url\" content=\"https:\/\/essarp.org.ar\/es\/politicas-de-calidad\/\" \/>\n<meta property=\"og:site_name\" content=\"ESSARP\" \/>\n<meta property=\"article:modified_time\" content=\"2022-11-06T14:47:33+00:00\" \/>\n<meta property=\"og:image\" content=\"https:\/\/essarp.org.ar\/wp-content\/uploads\/2014\/01\/Cambridge1-1.jpg\" \/>\n\t<meta property=\"og:image:width\" content=\"1021\" \/>\n\t<meta property=\"og:image:height\" content=\"229\" \/>\n\t<meta property=\"og:image:type\" content=\"image\/jpeg\" \/>\n<meta name=\"twitter:card\" content=\"summary_large_image\" \/>\n<meta name=\"twitter:label1\" content=\"Tiempo de lectura\" \/>\n\t<meta name=\"twitter:data1\" content=\"1 minuto\" \/>\n<script type=\"application\/ld+json\" class=\"yoast-schema-graph\">{\"@context\":\"https:\\\/\\\/schema.org\",\"@graph\":[{\"@type\":\"WebPage\",\"@id\":\"https:\\\/\\\/essarp.org.ar\\\/es\\\/politicas-de-calidad\\\/\",\"url\":\"https:\\\/\\\/essarp.org.ar\\\/es\\\/politicas-de-calidad\\\/\",\"name\":\"Pol\u00edticas de Calidad - ESSARP\",\"isPartOf\":{\"@id\":\"https:\\\/\\\/essarp.org.ar\\\/es\\\/#website\"},\"primaryImageOfPage\":{\"@id\":\"https:\\\/\\\/essarp.org.ar\\\/es\\\/politicas-de-calidad\\\/#primaryimage\"},\"image\":{\"@id\":\"https:\\\/\\\/essarp.org.ar\\\/es\\\/politicas-de-calidad\\\/#primaryimage\"},\"thumbnailUrl\":\"https:\\\/\\\/essarp.org.ar\\\/wp-content\\\/uploads\\\/2014\\\/01\\\/Cambridge1-1.jpg\",\"datePublished\":\"2018-06-11T13:42:06+00:00\",\"dateModified\":\"2022-11-06T14:47:33+00:00\",\"inLanguage\":\"es-AR\",\"potentialAction\":[{\"@type\":\"ReadAction\",\"target\":[\"https:\\\/\\\/essarp.org.ar\\\/es\\\/politicas-de-calidad\\\/\"]}]},{\"@type\":\"ImageObject\",\"inLanguage\":\"es-AR\",\"@id\":\"https:\\\/\\\/essarp.org.ar\\\/es\\\/politicas-de-calidad\\\/#primaryimage\",\"url\":\"https:\\\/\\\/essarp.org.ar\\\/wp-content\\\/uploads\\\/2014\\\/01\\\/Cambridge1-1.jpg\",\"contentUrl\":\"https:\\\/\\\/essarp.org.ar\\\/wp-content\\\/uploads\\\/2014\\\/01\\\/Cambridge1-1.jpg\",\"width\":1021,\"height\":229},{\"@type\":\"WebSite\",\"@id\":\"https:\\\/\\\/essarp.org.ar\\\/es\\\/#website\",\"url\":\"https:\\\/\\\/essarp.org.ar\\\/es\\\/\",\"name\":\"ESSARP\",\"description\":\"\",\"potentialAction\":[{\"@type\":\"SearchAction\",\"target\":{\"@type\":\"EntryPoint\",\"urlTemplate\":\"https:\\\/\\\/essarp.org.ar\\\/es\\\/?s={search_term_string}\"},\"query-input\":{\"@type\":\"PropertyValueSpecification\",\"valueRequired\":true,\"valueName\":\"search_term_string\"}}],\"inLanguage\":\"es-AR\"}]}<\/script>\n<!-- \/ Yoast SEO plugin. -->","yoast_head_json":{"title":"Pol\u00edticas de Calidad - ESSARP","robots":{"index":"index","follow":"follow","max-snippet":"max-snippet:-1","max-image-preview":"max-image-preview:large","max-video-preview":"max-video-preview:-1"},"canonical":"https:\/\/essarp.org.ar\/es\/politicas-de-calidad\/","og_locale":"es_ES","og_type":"article","og_title":"Pol\u00edticas de Calidad - ESSARP","og_description":"Misi\u00f3n Promover y fomentar el conocimiento de la lengua, la educaci\u00f3n y la cultura inglesa a trav\u00e9s de la interrelaci\u00f3n de los asociados. &nbsp; Visi\u00f3n Ser un referente de vanguardia en educaci\u00f3n biling\u00fce a nivel nacional, regional e internacional. &nbsp; Pol\u00edtica de Calidad En total consonancia con nuestra Misi\u00f3n y Visi\u00f3n, en ESSARP definimos la&hellip;","og_url":"https:\/\/essarp.org.ar\/es\/politicas-de-calidad\/","og_site_name":"ESSARP","article_modified_time":"2022-11-06T14:47:33+00:00","og_image":[{"width":1021,"height":229,"url":"https:\/\/essarp.org.ar\/wp-content\/uploads\/2014\/01\/Cambridge1-1.jpg","type":"image\/jpeg"}],"twitter_card":"summary_large_image","twitter_misc":{"Tiempo de lectura":"1 minuto"},"schema":{"@context":"https:\/\/schema.org","@graph":[{"@type":"WebPage","@id":"https:\/\/essarp.org.ar\/es\/politicas-de-calidad\/","url":"https:\/\/essarp.org.ar\/es\/politicas-de-calidad\/","name":"Pol\u00edticas de Calidad - ESSARP","isPartOf":{"@id":"https:\/\/essarp.org.ar\/es\/#website"},"primaryImageOfPage":{"@id":"https:\/\/essarp.org.ar\/es\/politicas-de-calidad\/#primaryimage"},"image":{"@id":"https:\/\/essarp.org.ar\/es\/politicas-de-calidad\/#primaryimage"},"thumbnailUrl":"https:\/\/essarp.org.ar\/wp-content\/uploads\/2014\/01\/Cambridge1-1.jpg","datePublished":"2018-06-11T13:42:06+00:00","dateModified":"2022-11-06T14:47:33+00:00","inLanguage":"es-AR","potentialAction":[{"@type":"ReadAction","target":["https:\/\/essarp.org.ar\/es\/politicas-de-calidad\/"]}]},{"@type":"ImageObject","inLanguage":"es-AR","@id":"https:\/\/essarp.org.ar\/es\/politicas-de-calidad\/#primaryimage","url":"https:\/\/essarp.org.ar\/wp-content\/uploads\/2014\/01\/Cambridge1-1.jpg","contentUrl":"https:\/\/essarp.org.ar\/wp-content\/uploads\/2014\/01\/Cambridge1-1.jpg","width":1021,"height":229},{"@type":"WebSite","@id":"https:\/\/essarp.org.ar\/es\/#website","url":"https:\/\/essarp.org.ar\/es\/","name":"ESSARP","description":"","potentialAction":[{"@type":"SearchAction","target":{"@type":"EntryPoint","urlTemplate":"https:\/\/essarp.org.ar\/es\/?s={search_term_string}"},"query-input":{"@type":"PropertyValueSpecification","valueRequired":true,"valueName":"search_term_string"}}],"inLanguage":"es-AR"}]}},"_links":{"self":[{"href":"https:\/\/essarp.org.ar\/es\/wp-json\/wp\/v2\/pages\/10038","targetHints":{"allow":["GET"]}}],"collection":[{"href":"https:\/\/essarp.org.ar\/es\/wp-json\/wp\/v2\/pages"}],"about":[{"href":"https:\/\/essarp.org.ar\/es\/wp-json\/wp\/v2\/types\/page"}],"author":[{"embeddable":true,"href":"https:\/\/essarp.org.ar\/es\/wp-json\/wp\/v2\/users\/1"}],"replies":[{"embeddable":true,"href":"https:\/\/essarp.org.ar\/es\/wp-json\/wp\/v2\/comments?post=10038"}],"version-history":[{"count":1,"href":"https:\/\/essarp.org.ar\/es\/wp-json\/wp\/v2\/pages\/10038\/revisions"}],"predecessor-version":[{"id":20193,"href":"https:\/\/essarp.org.ar\/es\/wp-json\/wp\/v2\/pages\/10038\/revisions\/20193"}],"wp:featuredmedia":[{"embeddable":true,"href":"https:\/\/essarp.org.ar\/es\/wp-json\/wp\/v2\/media\/1648"}],"wp:attachment":[{"href":"https:\/\/essarp.org.ar\/es\/wp-json\/wp\/v2\/media?parent=10038"}],"curies":[{"name":"wp","href":"https:\/\/api.w.org\/{rel}","templated":true}]}}